{"id":349,"date":"2023-09-11T14:08:49","date_gmt":"2023-09-11T19:08:49","guid":{"rendered":"https:\/\/www.aldich.com\/?post_type=product&#038;p=349"},"modified":"2023-09-13T19:51:48","modified_gmt":"2023-09-14T00:51:48","slug":"polvo-neutro-para-frappes-base-de-agua","status":"publish","type":"product","link":"https:\/\/www.aldich.com\/en\/product\/polvo-neutro-para-frappes-base-de-agua\/","title":{"rendered":"Polvo neutro para frapp\u00e9s a base de agua"},"content":{"rendered":"<p>Discover how our Aldich powder for Frapp\u00e9s can take your creations to the next level<\/p>\n<p><strong>About this product<\/strong><\/p>\n<ul>\n<li>\u00a0Add volume and a smooth texture to your beverages<\/li>\n<li>Versatile neutral flavor that blends perfectly with various mixes, giving you the freedom to create customized frapp\u00e9s with unique and delicious flavors.<\/li>\n<li>\u00a0Easy preparation of water-based frapp\u00e9s: this powder effortlessly mixes with water, ensuring the frothiness is retained<\/li>\n<\/ul>","protected":false},"excerpt":{"rendered":"<p>Descubre c\u00f3mo nuestro polvo Aldich para Frapp\u00e9s puede llevar tus creaciones al siguiente nivel. Acerca de este producto: \u00a0Agrega vol\u00famen y una textura suave a tus bebidas. Sabor neutro vers\u00e1til\u00a0que se adapta perfectamente a diversas mezclas, tendr\u00e1s la libertad de crear frapp\u00e9s personalizados con sabores \u00fanicos y deliciosos. \u00a0F\u00e1cil preparaci\u00f3n de frapp\u00e9s a base de&#8230;<\/p>","protected":false},"featured_media":351,"template":"","meta":[],"product_cat":[21],"product_tag":[],"yoast_head":"\n<title>Venta de Polvo neutro para frapp\u00e9s a base de agua en M\u00e9xico<\/title>\n<meta name=\"robots\" content=\"index, follow, max-snippet:-1, max-image-preview:large, max-video-preview:-1\" \/>\n<link rel=\"canonical\" href=\"https:\/\/www.aldich.com\/en\/product\/polvo-neutro-para-frappes-base-de-agua\/\" \/>\n<meta property=\"og:locale\" content=\"en_US\" \/>\n<meta property=\"og:type\" content=\"article\" \/>\n<meta property=\"og:title\" content=\"Polvo neutro para frapp\u00e9s a base de agua\" \/>\n<meta property=\"og:description\" content=\"Descubre c\u00f3mo nuestro polvo Aldich para Frapp\u00e9s puede llevar tus creaciones al siguiente nivel. Acerca de este producto: \u00a0Agrega vol\u00famen y una textura suave a tus bebidas. Sabor neutro vers\u00e1til\u00a0que se adapta perfectamente a diversas mezclas, tendr\u00e1s la libertad de crear frapp\u00e9s personalizados con sabores \u00fanicos y deliciosos. \u00a0F\u00e1cil preparaci\u00f3n de frapp\u00e9s a base de...\" \/>\n<meta property=\"og:url\" content=\"https:\/\/www.aldich.com\/en\/product\/polvo-neutro-para-frappes-base-de-agua\/\" \/>\n<meta property=\"og:site_name\" content=\"Aldich\" \/>\n<meta property=\"article:publisher\" content=\"https:\/\/www.facebook.com\/AldichEmpresarial\/\" \/>\n<meta property=\"article:modified_time\" content=\"2023-09-14T00:51:48+00:00\" \/>\n<meta property=\"og:image\" content=\"https:\/\/www.aldich.com\/archivos\/2023\/09\/Base-para-smoothies-acida.png\" \/>\n\t<meta property=\"og:image:width\" content=\"1200\" \/>\n\t<meta property=\"og:image:height\" content=\"1200\" \/>\n\t<meta property=\"og:image:type\" content=\"image\/png\" \/>\n<meta name=\"twitter:card\" content=\"summary_large_image\" \/>\n<meta name=\"twitter:label1\" content=\"Est. reading time\" \/>\n\t<meta name=\"twitter:data1\" content=\"1 minute\" \/>\n<script type=\"application\/ld+json\" class=\"yoast-schema-graph\">{\"@context\":\"https:\/\/schema.org\",\"@graph\":[{\"@type\":\"WebPage\",\"@id\":\"https:\/\/www.aldich.com\/producto\/polvo-neutro-para-frappes-base-de-agua\/\",\"url\":\"https:\/\/www.aldich.com\/producto\/polvo-neutro-para-frappes-base-de-agua\/\",\"name\":\"Venta de Polvo neutro para frapp\u00e9s a base de agua en M\u00e9xico\",\"isPartOf\":{\"@id\":\"https:\/\/www.aldich.com\/#website\"},\"datePublished\":\"2023-09-11T19:08:49+00:00\",\"dateModified\":\"2023-09-14T00:51:48+00:00\",\"breadcrumb\":{\"@id\":\"https:\/\/www.aldich.com\/producto\/polvo-neutro-para-frappes-base-de-agua\/#breadcrumb\"},\"inLanguage\":\"en-US\",\"potentialAction\":[{\"@type\":\"ReadAction\",\"target\":[\"https:\/\/www.aldich.com\/producto\/polvo-neutro-para-frappes-base-de-agua\/\"]}]},{\"@type\":\"BreadcrumbList\",\"@id\":\"https:\/\/www.aldich.com\/producto\/polvo-neutro-para-frappes-base-de-agua\/#breadcrumb\",\"itemListElement\":[{\"@type\":\"ListItem\",\"position\":1,\"name\":\"Home\",\"item\":\"https:\/\/www.aldich.com\/\"},{\"@type\":\"ListItem\",\"position\":2,\"name\":\"Productos\",\"item\":\"https:\/\/www.aldich.com\/tienda\/\"},{\"@type\":\"ListItem\",\"position\":3,\"name\":\"Polvo neutro para frapp\u00e9s a base de agua\"}]},{\"@type\":\"WebSite\",\"@id\":\"https:\/\/www.aldich.com\/#website\",\"url\":\"https:\/\/www.aldich.com\/\",\"name\":\"Aldich\",\"description\":\"Insumos para cafeter\u00edas\",\"publisher\":{\"@id\":\"https:\/\/www.aldich.com\/#organization\"},\"potentialAction\":[{\"@type\":\"SearchAction\",\"target\":{\"@type\":\"EntryPoint\",\"urlTemplate\":\"https:\/\/www.aldich.com\/?s={search_term_string}\"},\"query-input\":\"required name=search_term_string\"}],\"inLanguage\":\"en-US\"},{\"@type\":\"Organization\",\"@id\":\"https:\/\/www.aldich.com\/#organization\",\"name\":\"Aldich\",\"url\":\"https:\/\/www.aldich.com\/\",\"logo\":{\"@type\":\"ImageObject\",\"inLanguage\":\"en-US\",\"@id\":\"https:\/\/www.aldich.com\/#\/schema\/logo\/image\/\",\"url\":\"https:\/\/www.aldich.com\/archivos\/2023\/06\/Aldich.jpg\",\"contentUrl\":\"https:\/\/www.aldich.com\/archivos\/2023\/06\/Aldich.jpg\",\"width\":1200,\"height\":1200,\"caption\":\"Aldich\"},\"image\":{\"@id\":\"https:\/\/www.aldich.com\/#\/schema\/logo\/image\/\"},\"sameAs\":[\"https:\/\/www.facebook.com\/AldichEmpresarial\/\",\"https:\/\/mx.linkedin.com\/company\/aldich-gourmet\",\"https:\/\/www.instagram.com\/aldich_oficial\/\"]}]}<\/script>\n","yoast_head_json":{"title":"Venta de Polvo neutro para frapp\u00e9s a base de agua en M\u00e9xico","robots":{"index":"index","follow":"follow","max-snippet":"max-snippet:-1","max-image-preview":"max-image-preview:large","max-video-preview":"max-video-preview:-1"},"canonical":"https:\/\/www.aldich.com\/en\/product\/polvo-neutro-para-frappes-base-de-agua\/","og_locale":"en_US","og_type":"article","og_title":"Polvo neutro para frapp\u00e9s a base de agua","og_description":"Descubre c\u00f3mo nuestro polvo Aldich para Frapp\u00e9s puede llevar tus creaciones al siguiente nivel. Acerca de este producto: \u00a0Agrega vol\u00famen y una textura suave a tus bebidas. Sabor neutro vers\u00e1til\u00a0que se adapta perfectamente a diversas mezclas, tendr\u00e1s la libertad de crear frapp\u00e9s personalizados con sabores \u00fanicos y deliciosos. \u00a0F\u00e1cil preparaci\u00f3n de frapp\u00e9s a base de...","og_url":"https:\/\/www.aldich.com\/en\/product\/polvo-neutro-para-frappes-base-de-agua\/","og_site_name":"Aldich","article_publisher":"https:\/\/www.facebook.com\/AldichEmpresarial\/","article_modified_time":"2023-09-14T00:51:48+00:00","og_image":[{"width":1200,"height":1200,"url":"https:\/\/www.aldich.com\/archivos\/2023\/09\/Base-para-smoothies-acida.png","type":"image\/png"}],"twitter_card":"summary_large_image","twitter_misc":{"Est. reading time":"1 minute"},"schema":{"@context":"https:\/\/schema.org","@graph":[{"@type":"WebPage","@id":"https:\/\/www.aldich.com\/producto\/polvo-neutro-para-frappes-base-de-agua\/","url":"https:\/\/www.aldich.com\/producto\/polvo-neutro-para-frappes-base-de-agua\/","name":"Venta de Polvo neutro para frapp\u00e9s a base de agua en M\u00e9xico","isPartOf":{"@id":"https:\/\/www.aldich.com\/#website"},"datePublished":"2023-09-11T19:08:49+00:00","dateModified":"2023-09-14T00:51:48+00:00","breadcrumb":{"@id":"https:\/\/www.aldich.com\/producto\/polvo-neutro-para-frappes-base-de-agua\/#breadcrumb"},"inLanguage":"en-US","potentialAction":[{"@type":"ReadAction","target":["https:\/\/www.aldich.com\/producto\/polvo-neutro-para-frappes-base-de-agua\/"]}]},{"@type":"BreadcrumbList","@id":"https:\/\/www.aldich.com\/producto\/polvo-neutro-para-frappes-base-de-agua\/#breadcrumb","itemListElement":[{"@type":"ListItem","position":1,"name":"Home","item":"https:\/\/www.aldich.com\/"},{"@type":"ListItem","position":2,"name":"Productos","item":"https:\/\/www.aldich.com\/tienda\/"},{"@type":"ListItem","position":3,"name":"Polvo neutro para frapp\u00e9s a base de agua"}]},{"@type":"WebSite","@id":"https:\/\/www.aldich.com\/#website","url":"https:\/\/www.aldich.com\/","name":"Aldich","description":"Insumos para cafeter\u00edas","publisher":{"@id":"https:\/\/www.aldich.com\/#organization"},"potentialAction":[{"@type":"SearchAction","target":{"@type":"EntryPoint","urlTemplate":"https:\/\/www.aldich.com\/?s={search_term_string}"},"query-input":"required name=search_term_string"}],"inLanguage":"en-US"},{"@type":"Organization","@id":"https:\/\/www.aldich.com\/#organization","name":"Aldich","url":"https:\/\/www.aldich.com\/","logo":{"@type":"ImageObject","inLanguage":"en-US","@id":"https:\/\/www.aldich.com\/#\/schema\/logo\/image\/","url":"https:\/\/www.aldich.com\/archivos\/2023\/06\/Aldich.jpg","contentUrl":"https:\/\/www.aldich.com\/archivos\/2023\/06\/Aldich.jpg","width":1200,"height":1200,"caption":"Aldich"},"image":{"@id":"https:\/\/www.aldich.com\/#\/schema\/logo\/image\/"},"sameAs":["https:\/\/www.facebook.com\/AldichEmpresarial\/","https:\/\/mx.linkedin.com\/company\/aldich-gourmet","https:\/\/www.instagram.com\/aldich_oficial\/"]}]}},"_links":{"self":[{"href":"https:\/\/www.aldich.com\/en\/wp-json\/wp\/v2\/product\/349"}],"collection":[{"href":"https:\/\/www.aldich.com\/en\/wp-json\/wp\/v2\/product"}],"about":[{"href":"https:\/\/www.aldich.com\/en\/wp-json\/wp\/v2\/types\/product"}],"wp:featuredmedia":[{"embeddable":true,"href":"https:\/\/www.aldich.com\/en\/wp-json\/wp\/v2\/media\/351"}],"wp:attachment":[{"href":"https:\/\/www.aldich.com\/en\/wp-json\/wp\/v2\/media?parent=349"}],"wp:term":[{"taxonomy":"product_cat","embeddable":true,"href":"https:\/\/www.aldich.com\/en\/wp-json\/wp\/v2\/product_cat?post=349"},{"taxonomy":"product_tag","embeddable":true,"href":"https:\/\/www.aldich.com\/en\/wp-json\/wp\/v2\/product_tag?post=349"}],"curies":[{"name":"wp","href":"https:\/\/api.w.org\/{rel}","templated":true}]}}