{"id":343,"date":"2023-09-11T14:01:09","date_gmt":"2023-09-11T19:01:09","guid":{"rendered":"https:\/\/www.aldich.com\/?post_type=product&#038;p=343"},"modified":"2023-09-11T14:04:51","modified_gmt":"2023-09-11T19:04:51","slug":"harina-para-hotcakes","status":"publish","type":"product","link":"https:\/\/www.aldich.com\/en\/product\/harina-para-hotcakes\/","title":{"rendered":"Pancake flour"},"content":{"rendered":"<p><strong>Gourmet Solution<\/strong><\/p>\n<p>Indulge in the perfection of our Vegan Pancakes, sweetened with piloncillo and gluten-free.<\/p>\n<p><strong>About this product<\/strong><\/p>\n<ul>\n<li>Made without any animal-derived ingredients, sweetened with natural piloncillo, and entirely gluten-free<\/li>\n<li>Versatile for use in both hot and cold pancakes.<\/li>\n<li>Ideal for Kosher diets<\/li>\n<\/ul>\n<p><strong>Discover the excellence of Gourmet pancakes with this special system.<\/strong><\/p>","protected":false},"excerpt":{"rendered":"<p>Soluci\u00f3n Gourmet: Del\u00e9itate con la perfecci\u00f3n de nuestros Hotcakes Veganos, endulzados con piloncillo y libres de gluten Acerca de este producto: Elaborados sin ingredientes de origen animal, endulzados con piloncillo natural y completamente libres de gluten. Versatilidad de uso en hotcakes calientes y fr\u00edos Ideal para dietas Kosher **Descubre la excelencia de los hotcakes Gourmet&#8230;<\/p>","protected":false},"featured_media":345,"template":"","meta":[],"product_cat":[22],"product_tag":[],"yoast_head":"\n<title>Venta de Harina para Hotcakes en M\u00e9xico<\/title>\n<meta name=\"robots\" content=\"index, follow, max-snippet:-1, max-image-preview:large, max-video-preview:-1\" \/>\n<link rel=\"canonical\" href=\"https:\/\/www.aldich.com\/en\/product\/harina-para-hotcakes\/\" \/>\n<meta property=\"og:locale\" content=\"en_US\" \/>\n<meta property=\"og:type\" content=\"article\" \/>\n<meta property=\"og:title\" content=\"Harina para Hotcakes\" \/>\n<meta property=\"og:description\" content=\"Soluci\u00f3n Gourmet: Del\u00e9itate con la perfecci\u00f3n de nuestros Hotcakes Veganos, endulzados con piloncillo y libres de gluten Acerca de este producto: Elaborados sin ingredientes de origen animal, endulzados con piloncillo natural y completamente libres de gluten. Versatilidad de uso en hotcakes calientes y fr\u00edos Ideal para dietas Kosher **Descubre la excelencia de los hotcakes Gourmet...\" \/>\n<meta property=\"og:url\" content=\"https:\/\/www.aldich.com\/en\/product\/harina-para-hotcakes\/\" \/>\n<meta property=\"og:site_name\" content=\"Aldich\" \/>\n<meta property=\"article:publisher\" content=\"https:\/\/www.facebook.com\/AldichEmpresarial\/\" \/>\n<meta property=\"article:modified_time\" content=\"2023-09-11T19:04:51+00:00\" \/>\n<meta property=\"og:image\" content=\"https:\/\/www.aldich.com\/archivos\/2023\/09\/Productos-1.png\" \/>\n\t<meta property=\"og:image:width\" content=\"1200\" \/>\n\t<meta property=\"og:image:height\" content=\"1200\" \/>\n\t<meta property=\"og:image:type\" content=\"image\/png\" \/>\n<meta name=\"twitter:card\" content=\"summary_large_image\" \/>\n<meta name=\"twitter:label1\" content=\"Est. reading time\" \/>\n\t<meta name=\"twitter:data1\" content=\"1 minute\" \/>\n<script type=\"application\/ld+json\" class=\"yoast-schema-graph\">{\"@context\":\"https:\/\/schema.org\",\"@graph\":[{\"@type\":\"WebPage\",\"@id\":\"https:\/\/www.aldich.com\/producto\/harina-para-hotcakes\/\",\"url\":\"https:\/\/www.aldich.com\/producto\/harina-para-hotcakes\/\",\"name\":\"Venta de Harina para Hotcakes en M\u00e9xico\",\"isPartOf\":{\"@id\":\"https:\/\/www.aldich.com\/#website\"},\"datePublished\":\"2023-09-11T19:01:09+00:00\",\"dateModified\":\"2023-09-11T19:04:51+00:00\",\"breadcrumb\":{\"@id\":\"https:\/\/www.aldich.com\/producto\/harina-para-hotcakes\/#breadcrumb\"},\"inLanguage\":\"en-US\",\"potentialAction\":[{\"@type\":\"ReadAction\",\"target\":[\"https:\/\/www.aldich.com\/producto\/harina-para-hotcakes\/\"]}]},{\"@type\":\"BreadcrumbList\",\"@id\":\"https:\/\/www.aldich.com\/producto\/harina-para-hotcakes\/#breadcrumb\",\"itemListElement\":[{\"@type\":\"ListItem\",\"position\":1,\"name\":\"Home\",\"item\":\"https:\/\/www.aldich.com\/\"},{\"@type\":\"ListItem\",\"position\":2,\"name\":\"Productos\",\"item\":\"https:\/\/www.aldich.com\/tienda\/\"},{\"@type\":\"ListItem\",\"position\":3,\"name\":\"Harina para Hotcakes\"}]},{\"@type\":\"WebSite\",\"@id\":\"https:\/\/www.aldich.com\/#website\",\"url\":\"https:\/\/www.aldich.com\/\",\"name\":\"Aldich\",\"description\":\"Insumos para cafeter\u00edas\",\"publisher\":{\"@id\":\"https:\/\/www.aldich.com\/#organization\"},\"potentialAction\":[{\"@type\":\"SearchAction\",\"target\":{\"@type\":\"EntryPoint\",\"urlTemplate\":\"https:\/\/www.aldich.com\/?s={search_term_string}\"},\"query-input\":\"required name=search_term_string\"}],\"inLanguage\":\"en-US\"},{\"@type\":\"Organization\",\"@id\":\"https:\/\/www.aldich.com\/#organization\",\"name\":\"Aldich\",\"url\":\"https:\/\/www.aldich.com\/\",\"logo\":{\"@type\":\"ImageObject\",\"inLanguage\":\"en-US\",\"@id\":\"https:\/\/www.aldich.com\/#\/schema\/logo\/image\/\",\"url\":\"https:\/\/www.aldich.com\/archivos\/2023\/06\/Aldich.jpg\",\"contentUrl\":\"https:\/\/www.aldich.com\/archivos\/2023\/06\/Aldich.jpg\",\"width\":1200,\"height\":1200,\"caption\":\"Aldich\"},\"image\":{\"@id\":\"https:\/\/www.aldich.com\/#\/schema\/logo\/image\/\"},\"sameAs\":[\"https:\/\/www.facebook.com\/AldichEmpresarial\/\",\"https:\/\/mx.linkedin.com\/company\/aldich-gourmet\",\"https:\/\/www.instagram.com\/aldich_oficial\/\"]}]}<\/script>\n","yoast_head_json":{"title":"Venta de Harina para Hotcakes en M\u00e9xico","robots":{"index":"index","follow":"follow","max-snippet":"max-snippet:-1","max-image-preview":"max-image-preview:large","max-video-preview":"max-video-preview:-1"},"canonical":"https:\/\/www.aldich.com\/en\/product\/harina-para-hotcakes\/","og_locale":"en_US","og_type":"article","og_title":"Harina para Hotcakes","og_description":"Soluci\u00f3n Gourmet: Del\u00e9itate con la perfecci\u00f3n de nuestros Hotcakes Veganos, endulzados con piloncillo y libres de gluten Acerca de este producto: Elaborados sin ingredientes de origen animal, endulzados con piloncillo natural y completamente libres de gluten. Versatilidad de uso en hotcakes calientes y fr\u00edos Ideal para dietas Kosher **Descubre la excelencia de los hotcakes Gourmet...","og_url":"https:\/\/www.aldich.com\/en\/product\/harina-para-hotcakes\/","og_site_name":"Aldich","article_publisher":"https:\/\/www.facebook.com\/AldichEmpresarial\/","article_modified_time":"2023-09-11T19:04:51+00:00","og_image":[{"width":1200,"height":1200,"url":"https:\/\/www.aldich.com\/archivos\/2023\/09\/Productos-1.png","type":"image\/png"}],"twitter_card":"summary_large_image","twitter_misc":{"Est. reading time":"1 minute"},"schema":{"@context":"https:\/\/schema.org","@graph":[{"@type":"WebPage","@id":"https:\/\/www.aldich.com\/producto\/harina-para-hotcakes\/","url":"https:\/\/www.aldich.com\/producto\/harina-para-hotcakes\/","name":"Venta de Harina para Hotcakes en M\u00e9xico","isPartOf":{"@id":"https:\/\/www.aldich.com\/#website"},"datePublished":"2023-09-11T19:01:09+00:00","dateModified":"2023-09-11T19:04:51+00:00","breadcrumb":{"@id":"https:\/\/www.aldich.com\/producto\/harina-para-hotcakes\/#breadcrumb"},"inLanguage":"en-US","potentialAction":[{"@type":"ReadAction","target":["https:\/\/www.aldich.com\/producto\/harina-para-hotcakes\/"]}]},{"@type":"BreadcrumbList","@id":"https:\/\/www.aldich.com\/producto\/harina-para-hotcakes\/#breadcrumb","itemListElement":[{"@type":"ListItem","position":1,"name":"Home","item":"https:\/\/www.aldich.com\/"},{"@type":"ListItem","position":2,"name":"Productos","item":"https:\/\/www.aldich.com\/tienda\/"},{"@type":"ListItem","position":3,"name":"Harina para Hotcakes"}]},{"@type":"WebSite","@id":"https:\/\/www.aldich.com\/#website","url":"https:\/\/www.aldich.com\/","name":"Aldich","description":"Insumos para cafeter\u00edas","publisher":{"@id":"https:\/\/www.aldich.com\/#organization"},"potentialAction":[{"@type":"SearchAction","target":{"@type":"EntryPoint","urlTemplate":"https:\/\/www.aldich.com\/?s={search_term_string}"},"query-input":"required name=search_term_string"}],"inLanguage":"en-US"},{"@type":"Organization","@id":"https:\/\/www.aldich.com\/#organization","name":"Aldich","url":"https:\/\/www.aldich.com\/","logo":{"@type":"ImageObject","inLanguage":"en-US","@id":"https:\/\/www.aldich.com\/#\/schema\/logo\/image\/","url":"https:\/\/www.aldich.com\/archivos\/2023\/06\/Aldich.jpg","contentUrl":"https:\/\/www.aldich.com\/archivos\/2023\/06\/Aldich.jpg","width":1200,"height":1200,"caption":"Aldich"},"image":{"@id":"https:\/\/www.aldich.com\/#\/schema\/logo\/image\/"},"sameAs":["https:\/\/www.facebook.com\/AldichEmpresarial\/","https:\/\/mx.linkedin.com\/company\/aldich-gourmet","https:\/\/www.instagram.com\/aldich_oficial\/"]}]}},"_links":{"self":[{"href":"https:\/\/www.aldich.com\/en\/wp-json\/wp\/v2\/product\/343"}],"collection":[{"href":"https:\/\/www.aldich.com\/en\/wp-json\/wp\/v2\/product"}],"about":[{"href":"https:\/\/www.aldich.com\/en\/wp-json\/wp\/v2\/types\/product"}],"wp:featuredmedia":[{"embeddable":true,"href":"https:\/\/www.aldich.com\/en\/wp-json\/wp\/v2\/media\/345"}],"wp:attachment":[{"href":"https:\/\/www.aldich.com\/en\/wp-json\/wp\/v2\/media?parent=343"}],"wp:term":[{"taxonomy":"product_cat","embeddable":true,"href":"https:\/\/www.aldich.com\/en\/wp-json\/wp\/v2\/product_cat?post=343"},{"taxonomy":"product_tag","embeddable":true,"href":"https:\/\/www.aldich.com\/en\/wp-json\/wp\/v2\/product_tag?post=343"}],"curies":[{"name":"wp","href":"https:\/\/api.w.org\/{rel}","templated":true}]}}