{"id":270,"date":"2023-08-17T13:38:49","date_gmt":"2023-08-17T18:38:49","guid":{"rendered":"https:\/\/www.aldich.com\/?post_type=product&#038;p=270"},"modified":"2024-09-09T17:10:12","modified_gmt":"2024-09-09T22:10:12","slug":"jarabe-de-menta-1lt","status":"publish","type":"product","link":"https:\/\/www.aldich.com\/en\/product\/jarabe-de-menta-1lt\/","title":{"rendered":"Mint Syrup 1lt"},"content":{"rendered":"<p style=\"text-align: left;\">Immerse yourself in the revitalizing freshness of mint with Aldich, which is perfectly versatile for both your hot and cold beverages. This syrup is the perfect choice to elevate your cappuccinos, lattes, and frapp\u00e9s. Add a refreshing touch to your creations, with a lively and exquisite flavor that will awaken your senses.<\/p>\n<p><strong>Ideal for:<\/strong><\/p>\n<ul>\n<li>Cappuccinos, lattes, and mint frapp\u00e9s.<\/li>\n<\/ul>\n<p><strong>How to use:<\/strong><\/p>\n<ul>\n<li>Simply add 1 ounce of Aldich syrup to your hot beverages or frapp\u00e9s, adjusting according to your preferred level of intensity. Stir well to achieve a uniform distribution and experience the refreshing mint flavor with every sip.<\/li>\n<\/ul>","protected":false},"excerpt":{"rendered":"<p>Sum\u00e9rgete en la frescura revitalizante de la menta con Aldich, que es perfectamente vers\u00e1til tanto para tus bebidas calientes como fr\u00edas. Este jarabe es la elecci\u00f3n perfecta para elevar tus capuccinos, lattes y frapp\u00e9s, as\u00ed como para dar un toque refrescante a tus creaciones, con un sabor vivaz y exquisito que despertar\u00e1 tus sentidos. Ideal&#8230;<\/p>","protected":false},"featured_media":272,"template":"","meta":[],"product_cat":[18,31],"product_tag":[],"yoast_head":"\n<title>Venta de Jarabe de Menta 1lt en M\u00e9xico<\/title>\n<meta name=\"robots\" content=\"index, follow, max-snippet:-1, max-image-preview:large, max-video-preview:-1\" \/>\n<link rel=\"canonical\" href=\"https:\/\/www.aldich.com\/en\/product\/jarabe-de-menta-1lt\/\" \/>\n<meta property=\"og:locale\" content=\"en_US\" \/>\n<meta property=\"og:type\" content=\"article\" \/>\n<meta property=\"og:title\" content=\"Jarabe de Menta 1lt\" \/>\n<meta property=\"og:description\" content=\"Sum\u00e9rgete en la frescura revitalizante de la menta con Aldich, que es perfectamente vers\u00e1til tanto para tus bebidas calientes como fr\u00edas. Este jarabe es la elecci\u00f3n perfecta para elevar tus capuccinos, lattes y frapp\u00e9s, as\u00ed como para dar un toque refrescante a tus creaciones, con un sabor vivaz y exquisito que despertar\u00e1 tus sentidos. Ideal...\" \/>\n<meta property=\"og:url\" content=\"https:\/\/www.aldich.com\/en\/product\/jarabe-de-menta-1lt\/\" \/>\n<meta property=\"og:site_name\" content=\"Aldich\" \/>\n<meta property=\"article:publisher\" content=\"https:\/\/www.facebook.com\/AldichEmpresarial\/\" \/>\n<meta property=\"article:modified_time\" content=\"2024-09-09T22:10:12+00:00\" \/>\n<meta property=\"og:image\" content=\"https:\/\/www.aldich.com\/archivos\/2023\/08\/jarabe-de-menta.png\" \/>\n\t<meta property=\"og:image:width\" content=\"1200\" \/>\n\t<meta property=\"og:image:height\" content=\"1200\" \/>\n\t<meta property=\"og:image:type\" content=\"image\/png\" \/>\n<meta name=\"twitter:card\" content=\"summary_large_image\" \/>\n<meta name=\"twitter:label1\" content=\"Est. reading time\" \/>\n\t<meta name=\"twitter:data1\" content=\"1 minute\" \/>\n<script type=\"application\/ld+json\" class=\"yoast-schema-graph\">{\"@context\":\"https:\/\/schema.org\",\"@graph\":[{\"@type\":\"WebPage\",\"@id\":\"https:\/\/www.aldich.com\/producto\/jarabe-de-menta-1lt\/\",\"url\":\"https:\/\/www.aldich.com\/producto\/jarabe-de-menta-1lt\/\",\"name\":\"Venta de Jarabe de Menta 1lt en M\u00e9xico\",\"isPartOf\":{\"@id\":\"https:\/\/www.aldich.com\/#website\"},\"datePublished\":\"2023-08-17T18:38:49+00:00\",\"dateModified\":\"2024-09-09T22:10:12+00:00\",\"breadcrumb\":{\"@id\":\"https:\/\/www.aldich.com\/producto\/jarabe-de-menta-1lt\/#breadcrumb\"},\"inLanguage\":\"en-US\",\"potentialAction\":[{\"@type\":\"ReadAction\",\"target\":[\"https:\/\/www.aldich.com\/producto\/jarabe-de-menta-1lt\/\"]}]},{\"@type\":\"BreadcrumbList\",\"@id\":\"https:\/\/www.aldich.com\/producto\/jarabe-de-menta-1lt\/#breadcrumb\",\"itemListElement\":[{\"@type\":\"ListItem\",\"position\":1,\"name\":\"Home\",\"item\":\"https:\/\/www.aldich.com\/\"},{\"@type\":\"ListItem\",\"position\":2,\"name\":\"Productos\",\"item\":\"https:\/\/www.aldich.com\/tienda\/\"},{\"@type\":\"ListItem\",\"position\":3,\"name\":\"Jarabe de Menta 1lt\"}]},{\"@type\":\"WebSite\",\"@id\":\"https:\/\/www.aldich.com\/#website\",\"url\":\"https:\/\/www.aldich.com\/\",\"name\":\"Aldich\",\"description\":\"Insumos para cafeter\u00edas\",\"publisher\":{\"@id\":\"https:\/\/www.aldich.com\/#organization\"},\"potentialAction\":[{\"@type\":\"SearchAction\",\"target\":{\"@type\":\"EntryPoint\",\"urlTemplate\":\"https:\/\/www.aldich.com\/?s={search_term_string}\"},\"query-input\":\"required name=search_term_string\"}],\"inLanguage\":\"en-US\"},{\"@type\":\"Organization\",\"@id\":\"https:\/\/www.aldich.com\/#organization\",\"name\":\"Aldich\",\"url\":\"https:\/\/www.aldich.com\/\",\"logo\":{\"@type\":\"ImageObject\",\"inLanguage\":\"en-US\",\"@id\":\"https:\/\/www.aldich.com\/#\/schema\/logo\/image\/\",\"url\":\"https:\/\/www.aldich.com\/archivos\/2023\/06\/Aldich.jpg\",\"contentUrl\":\"https:\/\/www.aldich.com\/archivos\/2023\/06\/Aldich.jpg\",\"width\":1200,\"height\":1200,\"caption\":\"Aldich\"},\"image\":{\"@id\":\"https:\/\/www.aldich.com\/#\/schema\/logo\/image\/\"},\"sameAs\":[\"https:\/\/www.facebook.com\/AldichEmpresarial\/\",\"https:\/\/mx.linkedin.com\/company\/aldich-gourmet\",\"https:\/\/www.instagram.com\/aldich_oficial\/\"]}]}<\/script>\n","yoast_head_json":{"title":"Venta de Jarabe de Menta 1lt en M\u00e9xico","robots":{"index":"index","follow":"follow","max-snippet":"max-snippet:-1","max-image-preview":"max-image-preview:large","max-video-preview":"max-video-preview:-1"},"canonical":"https:\/\/www.aldich.com\/en\/product\/jarabe-de-menta-1lt\/","og_locale":"en_US","og_type":"article","og_title":"Jarabe de Menta 1lt","og_description":"Sum\u00e9rgete en la frescura revitalizante de la menta con Aldich, que es perfectamente vers\u00e1til tanto para tus bebidas calientes como fr\u00edas. Este jarabe es la elecci\u00f3n perfecta para elevar tus capuccinos, lattes y frapp\u00e9s, as\u00ed como para dar un toque refrescante a tus creaciones, con un sabor vivaz y exquisito que despertar\u00e1 tus sentidos. Ideal...","og_url":"https:\/\/www.aldich.com\/en\/product\/jarabe-de-menta-1lt\/","og_site_name":"Aldich","article_publisher":"https:\/\/www.facebook.com\/AldichEmpresarial\/","article_modified_time":"2024-09-09T22:10:12+00:00","og_image":[{"width":1200,"height":1200,"url":"https:\/\/www.aldich.com\/archivos\/2023\/08\/jarabe-de-menta.png","type":"image\/png"}],"twitter_card":"summary_large_image","twitter_misc":{"Est. reading time":"1 minute"},"schema":{"@context":"https:\/\/schema.org","@graph":[{"@type":"WebPage","@id":"https:\/\/www.aldich.com\/producto\/jarabe-de-menta-1lt\/","url":"https:\/\/www.aldich.com\/producto\/jarabe-de-menta-1lt\/","name":"Venta de Jarabe de Menta 1lt en M\u00e9xico","isPartOf":{"@id":"https:\/\/www.aldich.com\/#website"},"datePublished":"2023-08-17T18:38:49+00:00","dateModified":"2024-09-09T22:10:12+00:00","breadcrumb":{"@id":"https:\/\/www.aldich.com\/producto\/jarabe-de-menta-1lt\/#breadcrumb"},"inLanguage":"en-US","potentialAction":[{"@type":"ReadAction","target":["https:\/\/www.aldich.com\/producto\/jarabe-de-menta-1lt\/"]}]},{"@type":"BreadcrumbList","@id":"https:\/\/www.aldich.com\/producto\/jarabe-de-menta-1lt\/#breadcrumb","itemListElement":[{"@type":"ListItem","position":1,"name":"Home","item":"https:\/\/www.aldich.com\/"},{"@type":"ListItem","position":2,"name":"Productos","item":"https:\/\/www.aldich.com\/tienda\/"},{"@type":"ListItem","position":3,"name":"Jarabe de Menta 1lt"}]},{"@type":"WebSite","@id":"https:\/\/www.aldich.com\/#website","url":"https:\/\/www.aldich.com\/","name":"Aldich","description":"Insumos para cafeter\u00edas","publisher":{"@id":"https:\/\/www.aldich.com\/#organization"},"potentialAction":[{"@type":"SearchAction","target":{"@type":"EntryPoint","urlTemplate":"https:\/\/www.aldich.com\/?s={search_term_string}"},"query-input":"required name=search_term_string"}],"inLanguage":"en-US"},{"@type":"Organization","@id":"https:\/\/www.aldich.com\/#organization","name":"Aldich","url":"https:\/\/www.aldich.com\/","logo":{"@type":"ImageObject","inLanguage":"en-US","@id":"https:\/\/www.aldich.com\/#\/schema\/logo\/image\/","url":"https:\/\/www.aldich.com\/archivos\/2023\/06\/Aldich.jpg","contentUrl":"https:\/\/www.aldich.com\/archivos\/2023\/06\/Aldich.jpg","width":1200,"height":1200,"caption":"Aldich"},"image":{"@id":"https:\/\/www.aldich.com\/#\/schema\/logo\/image\/"},"sameAs":["https:\/\/www.facebook.com\/AldichEmpresarial\/","https:\/\/mx.linkedin.com\/company\/aldich-gourmet","https:\/\/www.instagram.com\/aldich_oficial\/"]}]}},"_links":{"self":[{"href":"https:\/\/www.aldich.com\/en\/wp-json\/wp\/v2\/product\/270"}],"collection":[{"href":"https:\/\/www.aldich.com\/en\/wp-json\/wp\/v2\/product"}],"about":[{"href":"https:\/\/www.aldich.com\/en\/wp-json\/wp\/v2\/types\/product"}],"wp:featuredmedia":[{"embeddable":true,"href":"https:\/\/www.aldich.com\/en\/wp-json\/wp\/v2\/media\/272"}],"wp:attachment":[{"href":"https:\/\/www.aldich.com\/en\/wp-json\/wp\/v2\/media?parent=270"}],"wp:term":[{"taxonomy":"product_cat","embeddable":true,"href":"https:\/\/www.aldich.com\/en\/wp-json\/wp\/v2\/product_cat?post=270"},{"taxonomy":"product_tag","embeddable":true,"href":"https:\/\/www.aldich.com\/en\/wp-json\/wp\/v2\/product_tag?post=270"}],"curies":[{"name":"wp","href":"https:\/\/api.w.org\/{rel}","templated":true}]}}