{"id":240,"date":"2023-08-10T13:32:50","date_gmt":"2023-08-10T18:32:50","guid":{"rendered":"https:\/\/www.aldich.com\/?post_type=product&#038;p=240"},"modified":"2024-09-09T17:22:03","modified_gmt":"2024-09-09T22:22:03","slug":"jarabe-de-fresandia-1lt","status":"publish","type":"product","link":"https:\/\/www.aldich.com\/en\/product\/jarabe-de-fresandia-1lt\/","title":{"rendered":"Strawberry-watermelon syrup 1lt"},"content":{"rendered":"<p>Strawberry-watermelon syrup combines the natural sweetness of strawberries with the juicy freshness of watermelon, creating a symphony of flavors that make your drinks irresistible.<\/p>\n<p>Agrega jarabe Aldich de Fresand\u00eda a batidos de prote\u00ednas, c\u00f3cteles sin alcohol o incluso postres caseros. Las posibilidades son infinitas cuando hay un sabor tan vers\u00e1til a tu disposici\u00f3n.<\/p>\n<p><strong>Ideal for:<\/strong><\/p>\n<p>Italian sodas, frapp\u00e9s, smoothies, cocktails, and shaved ice treats.<\/p>\n<p><strong>How to use:<\/strong><\/p>\n<ul>\n<li>Simply add 1 ounce of Aldich syrup to your Italian sodas, smoothies, or shakes, adjusting according to your preferred level of intensity.<\/li>\n<li>Mix well for homogeneous distribution and enjoy with every sip!<\/li>\n<\/ul>","protected":false},"excerpt":{"rendered":"<p>Fresand\u00eda combina la dulzura natural de las fresas con la frescura jugosa de la sand\u00eda, creando una sinfon\u00eda de sabores que hacen que tus bebidas sean irresistibles. Agrega jarabe Aldich de Fresand\u00eda a batidos de prote\u00ednas, c\u00f3cteles sin alcohol o incluso postres caseros. Las posibilidades son infinitas cuando hay un sabor tan vers\u00e1til a tu&#8230;<\/p>","protected":false},"featured_media":260,"template":"","meta":[],"product_cat":[18,30],"product_tag":[],"yoast_head":"\n<title>Venta de Jarabe de Fresand\u00eda 1lt en M\u00e9xico<\/title>\n<meta name=\"robots\" content=\"index, follow, max-snippet:-1, max-image-preview:large, max-video-preview:-1\" \/>\n<link rel=\"canonical\" href=\"https:\/\/www.aldich.com\/en\/product\/jarabe-de-fresandia-1lt\/\" \/>\n<meta property=\"og:locale\" content=\"en_US\" \/>\n<meta property=\"og:type\" content=\"article\" \/>\n<meta property=\"og:title\" content=\"Jarabe de Fresand\u00eda 1lt\" \/>\n<meta property=\"og:description\" content=\"Fresand\u00eda combina la dulzura natural de las fresas con la frescura jugosa de la sand\u00eda, creando una sinfon\u00eda de sabores que hacen que tus bebidas sean irresistibles. Agrega jarabe Aldich de Fresand\u00eda a batidos de prote\u00ednas, c\u00f3cteles sin alcohol o incluso postres caseros. Las posibilidades son infinitas cuando hay un sabor tan vers\u00e1til a tu...\" \/>\n<meta property=\"og:url\" content=\"https:\/\/www.aldich.com\/en\/product\/jarabe-de-fresandia-1lt\/\" \/>\n<meta property=\"og:site_name\" content=\"Aldich\" \/>\n<meta property=\"article:publisher\" content=\"https:\/\/www.facebook.com\/AldichEmpresarial\/\" \/>\n<meta property=\"article:modified_time\" content=\"2024-09-09T22:22:03+00:00\" \/>\n<meta property=\"og:image\" content=\"https:\/\/www.aldich.com\/archivos\/2023\/08\/Jarabe-de-Fresandia.jpg\" \/>\n\t<meta property=\"og:image:width\" content=\"1200\" \/>\n\t<meta property=\"og:image:height\" content=\"1200\" \/>\n\t<meta property=\"og:image:type\" content=\"image\/jpeg\" \/>\n<meta name=\"twitter:card\" content=\"summary_large_image\" \/>\n<meta name=\"twitter:label1\" content=\"Est. reading time\" \/>\n\t<meta name=\"twitter:data1\" content=\"1 minute\" \/>\n<script type=\"application\/ld+json\" class=\"yoast-schema-graph\">{\"@context\":\"https:\/\/schema.org\",\"@graph\":[{\"@type\":\"WebPage\",\"@id\":\"https:\/\/www.aldich.com\/producto\/jarabe-de-fresandia-1lt\/\",\"url\":\"https:\/\/www.aldich.com\/producto\/jarabe-de-fresandia-1lt\/\",\"name\":\"Venta de Jarabe de Fresand\u00eda 1lt en M\u00e9xico\",\"isPartOf\":{\"@id\":\"https:\/\/www.aldich.com\/#website\"},\"datePublished\":\"2023-08-10T18:32:50+00:00\",\"dateModified\":\"2024-09-09T22:22:03+00:00\",\"breadcrumb\":{\"@id\":\"https:\/\/www.aldich.com\/producto\/jarabe-de-fresandia-1lt\/#breadcrumb\"},\"inLanguage\":\"en-US\",\"potentialAction\":[{\"@type\":\"ReadAction\",\"target\":[\"https:\/\/www.aldich.com\/producto\/jarabe-de-fresandia-1lt\/\"]}]},{\"@type\":\"BreadcrumbList\",\"@id\":\"https:\/\/www.aldich.com\/producto\/jarabe-de-fresandia-1lt\/#breadcrumb\",\"itemListElement\":[{\"@type\":\"ListItem\",\"position\":1,\"name\":\"Home\",\"item\":\"https:\/\/www.aldich.com\/\"},{\"@type\":\"ListItem\",\"position\":2,\"name\":\"Productos\",\"item\":\"https:\/\/www.aldich.com\/tienda\/\"},{\"@type\":\"ListItem\",\"position\":3,\"name\":\"Jarabe de Fresand\u00eda 1lt\"}]},{\"@type\":\"WebSite\",\"@id\":\"https:\/\/www.aldich.com\/#website\",\"url\":\"https:\/\/www.aldich.com\/\",\"name\":\"Aldich\",\"description\":\"Insumos para cafeter\u00edas\",\"publisher\":{\"@id\":\"https:\/\/www.aldich.com\/#organization\"},\"potentialAction\":[{\"@type\":\"SearchAction\",\"target\":{\"@type\":\"EntryPoint\",\"urlTemplate\":\"https:\/\/www.aldich.com\/?s={search_term_string}\"},\"query-input\":\"required name=search_term_string\"}],\"inLanguage\":\"en-US\"},{\"@type\":\"Organization\",\"@id\":\"https:\/\/www.aldich.com\/#organization\",\"name\":\"Aldich\",\"url\":\"https:\/\/www.aldich.com\/\",\"logo\":{\"@type\":\"ImageObject\",\"inLanguage\":\"en-US\",\"@id\":\"https:\/\/www.aldich.com\/#\/schema\/logo\/image\/\",\"url\":\"https:\/\/www.aldich.com\/archivos\/2023\/06\/Aldich.jpg\",\"contentUrl\":\"https:\/\/www.aldich.com\/archivos\/2023\/06\/Aldich.jpg\",\"width\":1200,\"height\":1200,\"caption\":\"Aldich\"},\"image\":{\"@id\":\"https:\/\/www.aldich.com\/#\/schema\/logo\/image\/\"},\"sameAs\":[\"https:\/\/www.facebook.com\/AldichEmpresarial\/\",\"https:\/\/mx.linkedin.com\/company\/aldich-gourmet\",\"https:\/\/www.instagram.com\/aldich_oficial\/\"]}]}<\/script>\n","yoast_head_json":{"title":"Venta de Jarabe de Fresand\u00eda 1lt en M\u00e9xico","robots":{"index":"index","follow":"follow","max-snippet":"max-snippet:-1","max-image-preview":"max-image-preview:large","max-video-preview":"max-video-preview:-1"},"canonical":"https:\/\/www.aldich.com\/en\/product\/jarabe-de-fresandia-1lt\/","og_locale":"en_US","og_type":"article","og_title":"Jarabe de Fresand\u00eda 1lt","og_description":"Fresand\u00eda combina la dulzura natural de las fresas con la frescura jugosa de la sand\u00eda, creando una sinfon\u00eda de sabores que hacen que tus bebidas sean irresistibles. Agrega jarabe Aldich de Fresand\u00eda a batidos de prote\u00ednas, c\u00f3cteles sin alcohol o incluso postres caseros. Las posibilidades son infinitas cuando hay un sabor tan vers\u00e1til a tu...","og_url":"https:\/\/www.aldich.com\/en\/product\/jarabe-de-fresandia-1lt\/","og_site_name":"Aldich","article_publisher":"https:\/\/www.facebook.com\/AldichEmpresarial\/","article_modified_time":"2024-09-09T22:22:03+00:00","og_image":[{"width":1200,"height":1200,"url":"https:\/\/www.aldich.com\/archivos\/2023\/08\/Jarabe-de-Fresandia.jpg","type":"image\/jpeg"}],"twitter_card":"summary_large_image","twitter_misc":{"Est. reading time":"1 minute"},"schema":{"@context":"https:\/\/schema.org","@graph":[{"@type":"WebPage","@id":"https:\/\/www.aldich.com\/producto\/jarabe-de-fresandia-1lt\/","url":"https:\/\/www.aldich.com\/producto\/jarabe-de-fresandia-1lt\/","name":"Venta de Jarabe de Fresand\u00eda 1lt en M\u00e9xico","isPartOf":{"@id":"https:\/\/www.aldich.com\/#website"},"datePublished":"2023-08-10T18:32:50+00:00","dateModified":"2024-09-09T22:22:03+00:00","breadcrumb":{"@id":"https:\/\/www.aldich.com\/producto\/jarabe-de-fresandia-1lt\/#breadcrumb"},"inLanguage":"en-US","potentialAction":[{"@type":"ReadAction","target":["https:\/\/www.aldich.com\/producto\/jarabe-de-fresandia-1lt\/"]}]},{"@type":"BreadcrumbList","@id":"https:\/\/www.aldich.com\/producto\/jarabe-de-fresandia-1lt\/#breadcrumb","itemListElement":[{"@type":"ListItem","position":1,"name":"Home","item":"https:\/\/www.aldich.com\/"},{"@type":"ListItem","position":2,"name":"Productos","item":"https:\/\/www.aldich.com\/tienda\/"},{"@type":"ListItem","position":3,"name":"Jarabe de Fresand\u00eda 1lt"}]},{"@type":"WebSite","@id":"https:\/\/www.aldich.com\/#website","url":"https:\/\/www.aldich.com\/","name":"Aldich","description":"Insumos para cafeter\u00edas","publisher":{"@id":"https:\/\/www.aldich.com\/#organization"},"potentialAction":[{"@type":"SearchAction","target":{"@type":"EntryPoint","urlTemplate":"https:\/\/www.aldich.com\/?s={search_term_string}"},"query-input":"required name=search_term_string"}],"inLanguage":"en-US"},{"@type":"Organization","@id":"https:\/\/www.aldich.com\/#organization","name":"Aldich","url":"https:\/\/www.aldich.com\/","logo":{"@type":"ImageObject","inLanguage":"en-US","@id":"https:\/\/www.aldich.com\/#\/schema\/logo\/image\/","url":"https:\/\/www.aldich.com\/archivos\/2023\/06\/Aldich.jpg","contentUrl":"https:\/\/www.aldich.com\/archivos\/2023\/06\/Aldich.jpg","width":1200,"height":1200,"caption":"Aldich"},"image":{"@id":"https:\/\/www.aldich.com\/#\/schema\/logo\/image\/"},"sameAs":["https:\/\/www.facebook.com\/AldichEmpresarial\/","https:\/\/mx.linkedin.com\/company\/aldich-gourmet","https:\/\/www.instagram.com\/aldich_oficial\/"]}]}},"_links":{"self":[{"href":"https:\/\/www.aldich.com\/en\/wp-json\/wp\/v2\/product\/240"}],"collection":[{"href":"https:\/\/www.aldich.com\/en\/wp-json\/wp\/v2\/product"}],"about":[{"href":"https:\/\/www.aldich.com\/en\/wp-json\/wp\/v2\/types\/product"}],"wp:featuredmedia":[{"embeddable":true,"href":"https:\/\/www.aldich.com\/en\/wp-json\/wp\/v2\/media\/260"}],"wp:attachment":[{"href":"https:\/\/www.aldich.com\/en\/wp-json\/wp\/v2\/media?parent=240"}],"wp:term":[{"taxonomy":"product_cat","embeddable":true,"href":"https:\/\/www.aldich.com\/en\/wp-json\/wp\/v2\/product_cat?post=240"},{"taxonomy":"product_tag","embeddable":true,"href":"https:\/\/www.aldich.com\/en\/wp-json\/wp\/v2\/product_tag?post=240"}],"curies":[{"name":"wp","href":"https:\/\/api.w.org\/{rel}","templated":true}]}}