{"id":222,"date":"2023-07-19T12:43:39","date_gmt":"2023-07-19T17:43:39","guid":{"rendered":"https:\/\/www.aldich.com\/?post_type=product&#038;p=222"},"modified":"2023-08-30T16:26:46","modified_gmt":"2023-08-30T21:26:46","slug":"chocolate-bajo-en-calorias-con-toque-de-canela-300g","status":"publish","type":"product","link":"https:\/\/www.aldich.com\/en\/product\/chocolate-bajo-en-calorias-con-toque-de-canela-300g\/","title":{"rendered":"Low-calorie Chocolate with a hint of Cinnamon 300g"},"content":{"rendered":"<p><strong>Gourmet Solution<\/strong><\/p>\n<p>Add a touch of sweetness and delicacy to your beverages and desserts with our exquisite vanilla syrup. \n\nOur syrup has been carefully elaborated to capture the pure essence of vanilla, providing you with an authentic flavor and a unique sensory experience.<\/p>\n<p>&nbsp;<\/p>\n<p><strong>About this product<\/strong><\/p>\n<ul>\n<li>Powdered chocolate with a hint of cinnamon made from Mexican cacao<\/li>\n<li>Silky texture<\/li>\n<li>Easily dissolves in hot milk<\/li>\n<li>Versatility of use: hot and cold beverages<\/li>\n<\/ul>","protected":false},"excerpt":{"rendered":"<p>Soluci\u00f3n Gourmet: Descubre una experiencia de sabor\u00a0 sin renunciar a un estilo de vida saludable con nuestro delicioso chocolate Aldich con toque de Canela reducido en calor\u00edas. &nbsp; Acerca del producto: Chocolate en polvo con toque de canela elaborado con cacao de M\u00e9xico Textura sedosa De f\u00e1cil disoluci\u00f3n en leche caliente Versatilidad de uso<\/p>","protected":false},"featured_media":223,"template":"","meta":[],"product_cat":[20],"product_tag":[],"yoast_head":"\n<title>Venta de Chocolate bajo en calor\u00edas con toque de Canela 300g en M\u00e9xico<\/title>\n<meta name=\"robots\" content=\"index, follow, max-snippet:-1, max-image-preview:large, max-video-preview:-1\" \/>\n<link rel=\"canonical\" href=\"https:\/\/www.aldich.com\/en\/product\/chocolate-bajo-en-calorias-con-toque-de-canela-300g\/\" \/>\n<meta property=\"og:locale\" content=\"en_US\" \/>\n<meta property=\"og:type\" content=\"article\" \/>\n<meta property=\"og:title\" content=\"Chocolate bajo en calor\u00edas con toque de Canela 300g\" \/>\n<meta property=\"og:description\" content=\"Soluci\u00f3n Gourmet: Descubre una experiencia de sabor\u00a0 sin renunciar a un estilo de vida saludable con nuestro delicioso chocolate Aldich con toque de Canela reducido en calor\u00edas. &nbsp; Acerca del producto: Chocolate en polvo con toque de canela elaborado con cacao de M\u00e9xico Textura sedosa De f\u00e1cil disoluci\u00f3n en leche caliente Versatilidad de uso\" \/>\n<meta property=\"og:url\" content=\"https:\/\/www.aldich.com\/en\/product\/chocolate-bajo-en-calorias-con-toque-de-canela-300g\/\" \/>\n<meta property=\"og:site_name\" content=\"Aldich\" \/>\n<meta property=\"article:publisher\" content=\"https:\/\/www.facebook.com\/AldichEmpresarial\/\" \/>\n<meta property=\"article:modified_time\" content=\"2023-08-30T21:26:46+00:00\" \/>\n<meta property=\"og:image\" content=\"https:\/\/www.aldich.com\/archivos\/2023\/07\/chocolate-light-canela.jpg\" \/>\n\t<meta property=\"og:image:width\" content=\"1200\" \/>\n\t<meta property=\"og:image:height\" content=\"1200\" \/>\n\t<meta property=\"og:image:type\" content=\"image\/jpeg\" \/>\n<meta name=\"twitter:card\" content=\"summary_large_image\" \/>\n<meta name=\"twitter:label1\" content=\"Est. reading time\" \/>\n\t<meta name=\"twitter:data1\" content=\"1 minute\" \/>\n<script type=\"application\/ld+json\" class=\"yoast-schema-graph\">{\"@context\":\"https:\/\/schema.org\",\"@graph\":[{\"@type\":\"WebPage\",\"@id\":\"https:\/\/www.aldich.com\/producto\/chocolate-bajo-en-calorias-con-toque-de-canela-300g\/\",\"url\":\"https:\/\/www.aldich.com\/producto\/chocolate-bajo-en-calorias-con-toque-de-canela-300g\/\",\"name\":\"Venta de Chocolate bajo en calor\u00edas con toque de Canela 300g en M\u00e9xico\",\"isPartOf\":{\"@id\":\"https:\/\/www.aldich.com\/#website\"},\"datePublished\":\"2023-07-19T17:43:39+00:00\",\"dateModified\":\"2023-08-30T21:26:46+00:00\",\"breadcrumb\":{\"@id\":\"https:\/\/www.aldich.com\/producto\/chocolate-bajo-en-calorias-con-toque-de-canela-300g\/#breadcrumb\"},\"inLanguage\":\"en-US\",\"potentialAction\":[{\"@type\":\"ReadAction\",\"target\":[\"https:\/\/www.aldich.com\/producto\/chocolate-bajo-en-calorias-con-toque-de-canela-300g\/\"]}]},{\"@type\":\"BreadcrumbList\",\"@id\":\"https:\/\/www.aldich.com\/producto\/chocolate-bajo-en-calorias-con-toque-de-canela-300g\/#breadcrumb\",\"itemListElement\":[{\"@type\":\"ListItem\",\"position\":1,\"name\":\"Home\",\"item\":\"https:\/\/www.aldich.com\/\"},{\"@type\":\"ListItem\",\"position\":2,\"name\":\"Productos\",\"item\":\"https:\/\/www.aldich.com\/tienda\/\"},{\"@type\":\"ListItem\",\"position\":3,\"name\":\"Chocolate bajo en calor\u00edas con toque de Canela 300g\"}]},{\"@type\":\"WebSite\",\"@id\":\"https:\/\/www.aldich.com\/#website\",\"url\":\"https:\/\/www.aldich.com\/\",\"name\":\"Aldich\",\"description\":\"Insumos para cafeter\u00edas\",\"publisher\":{\"@id\":\"https:\/\/www.aldich.com\/#organization\"},\"potentialAction\":[{\"@type\":\"SearchAction\",\"target\":{\"@type\":\"EntryPoint\",\"urlTemplate\":\"https:\/\/www.aldich.com\/?s={search_term_string}\"},\"query-input\":\"required name=search_term_string\"}],\"inLanguage\":\"en-US\"},{\"@type\":\"Organization\",\"@id\":\"https:\/\/www.aldich.com\/#organization\",\"name\":\"Aldich\",\"url\":\"https:\/\/www.aldich.com\/\",\"logo\":{\"@type\":\"ImageObject\",\"inLanguage\":\"en-US\",\"@id\":\"https:\/\/www.aldich.com\/#\/schema\/logo\/image\/\",\"url\":\"https:\/\/www.aldich.com\/archivos\/2023\/06\/Aldich.jpg\",\"contentUrl\":\"https:\/\/www.aldich.com\/archivos\/2023\/06\/Aldich.jpg\",\"width\":1200,\"height\":1200,\"caption\":\"Aldich\"},\"image\":{\"@id\":\"https:\/\/www.aldich.com\/#\/schema\/logo\/image\/\"},\"sameAs\":[\"https:\/\/www.facebook.com\/AldichEmpresarial\/\",\"https:\/\/mx.linkedin.com\/company\/aldich-gourmet\",\"https:\/\/www.instagram.com\/aldich_oficial\/\"]}]}<\/script>\n","yoast_head_json":{"title":"Venta de Chocolate bajo en calor\u00edas con toque de Canela 300g en M\u00e9xico","robots":{"index":"index","follow":"follow","max-snippet":"max-snippet:-1","max-image-preview":"max-image-preview:large","max-video-preview":"max-video-preview:-1"},"canonical":"https:\/\/www.aldich.com\/en\/product\/chocolate-bajo-en-calorias-con-toque-de-canela-300g\/","og_locale":"en_US","og_type":"article","og_title":"Chocolate bajo en calor\u00edas con toque de Canela 300g","og_description":"Soluci\u00f3n Gourmet: Descubre una experiencia de sabor\u00a0 sin renunciar a un estilo de vida saludable con nuestro delicioso chocolate Aldich con toque de Canela reducido en calor\u00edas. &nbsp; Acerca del producto: Chocolate en polvo con toque de canela elaborado con cacao de M\u00e9xico Textura sedosa De f\u00e1cil disoluci\u00f3n en leche caliente Versatilidad de uso","og_url":"https:\/\/www.aldich.com\/en\/product\/chocolate-bajo-en-calorias-con-toque-de-canela-300g\/","og_site_name":"Aldich","article_publisher":"https:\/\/www.facebook.com\/AldichEmpresarial\/","article_modified_time":"2023-08-30T21:26:46+00:00","og_image":[{"width":1200,"height":1200,"url":"https:\/\/www.aldich.com\/archivos\/2023\/07\/chocolate-light-canela.jpg","type":"image\/jpeg"}],"twitter_card":"summary_large_image","twitter_misc":{"Est. reading time":"1 minute"},"schema":{"@context":"https:\/\/schema.org","@graph":[{"@type":"WebPage","@id":"https:\/\/www.aldich.com\/producto\/chocolate-bajo-en-calorias-con-toque-de-canela-300g\/","url":"https:\/\/www.aldich.com\/producto\/chocolate-bajo-en-calorias-con-toque-de-canela-300g\/","name":"Venta de Chocolate bajo en calor\u00edas con toque de Canela 300g en M\u00e9xico","isPartOf":{"@id":"https:\/\/www.aldich.com\/#website"},"datePublished":"2023-07-19T17:43:39+00:00","dateModified":"2023-08-30T21:26:46+00:00","breadcrumb":{"@id":"https:\/\/www.aldich.com\/producto\/chocolate-bajo-en-calorias-con-toque-de-canela-300g\/#breadcrumb"},"inLanguage":"en-US","potentialAction":[{"@type":"ReadAction","target":["https:\/\/www.aldich.com\/producto\/chocolate-bajo-en-calorias-con-toque-de-canela-300g\/"]}]},{"@type":"BreadcrumbList","@id":"https:\/\/www.aldich.com\/producto\/chocolate-bajo-en-calorias-con-toque-de-canela-300g\/#breadcrumb","itemListElement":[{"@type":"ListItem","position":1,"name":"Home","item":"https:\/\/www.aldich.com\/"},{"@type":"ListItem","position":2,"name":"Productos","item":"https:\/\/www.aldich.com\/tienda\/"},{"@type":"ListItem","position":3,"name":"Chocolate bajo en calor\u00edas con toque de Canela 300g"}]},{"@type":"WebSite","@id":"https:\/\/www.aldich.com\/#website","url":"https:\/\/www.aldich.com\/","name":"Aldich","description":"Insumos para cafeter\u00edas","publisher":{"@id":"https:\/\/www.aldich.com\/#organization"},"potentialAction":[{"@type":"SearchAction","target":{"@type":"EntryPoint","urlTemplate":"https:\/\/www.aldich.com\/?s={search_term_string}"},"query-input":"required name=search_term_string"}],"inLanguage":"en-US"},{"@type":"Organization","@id":"https:\/\/www.aldich.com\/#organization","name":"Aldich","url":"https:\/\/www.aldich.com\/","logo":{"@type":"ImageObject","inLanguage":"en-US","@id":"https:\/\/www.aldich.com\/#\/schema\/logo\/image\/","url":"https:\/\/www.aldich.com\/archivos\/2023\/06\/Aldich.jpg","contentUrl":"https:\/\/www.aldich.com\/archivos\/2023\/06\/Aldich.jpg","width":1200,"height":1200,"caption":"Aldich"},"image":{"@id":"https:\/\/www.aldich.com\/#\/schema\/logo\/image\/"},"sameAs":["https:\/\/www.facebook.com\/AldichEmpresarial\/","https:\/\/mx.linkedin.com\/company\/aldich-gourmet","https:\/\/www.instagram.com\/aldich_oficial\/"]}]}},"_links":{"self":[{"href":"https:\/\/www.aldich.com\/en\/wp-json\/wp\/v2\/product\/222"}],"collection":[{"href":"https:\/\/www.aldich.com\/en\/wp-json\/wp\/v2\/product"}],"about":[{"href":"https:\/\/www.aldich.com\/en\/wp-json\/wp\/v2\/types\/product"}],"wp:featuredmedia":[{"embeddable":true,"href":"https:\/\/www.aldich.com\/en\/wp-json\/wp\/v2\/media\/223"}],"wp:attachment":[{"href":"https:\/\/www.aldich.com\/en\/wp-json\/wp\/v2\/media?parent=222"}],"wp:term":[{"taxonomy":"product_cat","embeddable":true,"href":"https:\/\/www.aldich.com\/en\/wp-json\/wp\/v2\/product_cat?post=222"},{"taxonomy":"product_tag","embeddable":true,"href":"https:\/\/www.aldich.com\/en\/wp-json\/wp\/v2\/product_tag?post=222"}],"curies":[{"name":"wp","href":"https:\/\/api.w.org\/{rel}","templated":true}]}}