{"id":220,"date":"2023-07-19T12:45:16","date_gmt":"2023-07-19T17:45:16","guid":{"rendered":"https:\/\/www.aldich.com\/?post_type=product&#038;p=220"},"modified":"2023-08-28T11:43:56","modified_gmt":"2023-08-28T16:43:56","slug":"chocolate-bajo-en-calorias-con-toque-de-vainilla-300g","status":"publish","type":"product","link":"https:\/\/www.aldich.com\/en\/product\/chocolate-bajo-en-calorias-con-toque-de-vainilla-300g\/","title":{"rendered":"Low-calorie Chocolate with a hint of Vanilla 300g"},"content":{"rendered":"<p><strong>Gourmet Solution<\/strong><\/p>\n<p>Discover a heavenly flavor experience without compromising your healthy lifestyle with our delicious, calorie-reduced chocolate with a touch of Vanilla.<\/p>\n<p><strong>About this product<\/strong><\/p>\n<ul>\n<li>Calorie-reduced powdered chocolate with a hint of Vanilla, made from Mexican cocoa.<\/li>\n<li>Silky texture<\/li>\n<li>Easily dissolves in hot milk<\/li>\n<li>Versatility of use: hot and cold beverages<\/li>\n<\/ul>","protected":false},"excerpt":{"rendered":"<p>Soluci\u00f3n Gourmet: Descubre una experiencia de sabor celestial sin renunciar a tu estilo de vida saludable con nuestro delicioso chocolate con toque de Vainilla reducido en calor\u00edas. Acerca de este producto: Chocolate en polvo con toque de Vainilla elaborado con cacao de M\u00e9xico reducido en calor\u00edas. Textura sedosa De f\u00e1cil disoluci\u00f3n en leche caliente Versatilidad&#8230;<\/p>","protected":false},"featured_media":221,"template":"","meta":[],"product_cat":[20],"product_tag":[],"yoast_head":"\n<title>Venta de Chocolate bajo en calor\u00edas con toque de Vainilla 300g en M\u00e9xico<\/title>\n<meta name=\"robots\" content=\"index, follow, max-snippet:-1, max-image-preview:large, max-video-preview:-1\" \/>\n<link rel=\"canonical\" href=\"https:\/\/www.aldich.com\/en\/product\/chocolate-bajo-en-calorias-con-toque-de-vainilla-300g\/\" \/>\n<meta property=\"og:locale\" content=\"en_US\" \/>\n<meta property=\"og:type\" content=\"article\" \/>\n<meta property=\"og:title\" content=\"Chocolate bajo en calor\u00edas con toque de Vainilla 300g\" \/>\n<meta property=\"og:description\" content=\"Soluci\u00f3n Gourmet: Descubre una experiencia de sabor celestial sin renunciar a tu estilo de vida saludable con nuestro delicioso chocolate con toque de Vainilla reducido en calor\u00edas. Acerca de este producto: Chocolate en polvo con toque de Vainilla elaborado con cacao de M\u00e9xico reducido en calor\u00edas. Textura sedosa De f\u00e1cil disoluci\u00f3n en leche caliente Versatilidad...\" \/>\n<meta property=\"og:url\" content=\"https:\/\/www.aldich.com\/en\/product\/chocolate-bajo-en-calorias-con-toque-de-vainilla-300g\/\" \/>\n<meta property=\"og:site_name\" content=\"Aldich\" \/>\n<meta property=\"article:publisher\" content=\"https:\/\/www.facebook.com\/AldichEmpresarial\/\" \/>\n<meta property=\"article:modified_time\" content=\"2023-08-28T16:43:56+00:00\" \/>\n<meta property=\"og:image\" content=\"https:\/\/www.aldich.com\/archivos\/2023\/07\/chocolate-light-vainilla.jpg\" \/>\n\t<meta property=\"og:image:width\" content=\"1200\" \/>\n\t<meta property=\"og:image:height\" content=\"1200\" \/>\n\t<meta property=\"og:image:type\" content=\"image\/jpeg\" \/>\n<meta name=\"twitter:card\" content=\"summary_large_image\" \/>\n<meta name=\"twitter:label1\" content=\"Est. reading time\" \/>\n\t<meta name=\"twitter:data1\" content=\"1 minute\" \/>\n<script type=\"application\/ld+json\" class=\"yoast-schema-graph\">{\"@context\":\"https:\/\/schema.org\",\"@graph\":[{\"@type\":\"WebPage\",\"@id\":\"https:\/\/www.aldich.com\/producto\/chocolate-bajo-en-calorias-con-toque-de-vainilla-300g\/\",\"url\":\"https:\/\/www.aldich.com\/producto\/chocolate-bajo-en-calorias-con-toque-de-vainilla-300g\/\",\"name\":\"Venta de Chocolate bajo en calor\u00edas con toque de Vainilla 300g en M\u00e9xico\",\"isPartOf\":{\"@id\":\"https:\/\/www.aldich.com\/#website\"},\"datePublished\":\"2023-07-19T17:45:16+00:00\",\"dateModified\":\"2023-08-28T16:43:56+00:00\",\"breadcrumb\":{\"@id\":\"https:\/\/www.aldich.com\/producto\/chocolate-bajo-en-calorias-con-toque-de-vainilla-300g\/#breadcrumb\"},\"inLanguage\":\"en-US\",\"potentialAction\":[{\"@type\":\"ReadAction\",\"target\":[\"https:\/\/www.aldich.com\/producto\/chocolate-bajo-en-calorias-con-toque-de-vainilla-300g\/\"]}]},{\"@type\":\"BreadcrumbList\",\"@id\":\"https:\/\/www.aldich.com\/producto\/chocolate-bajo-en-calorias-con-toque-de-vainilla-300g\/#breadcrumb\",\"itemListElement\":[{\"@type\":\"ListItem\",\"position\":1,\"name\":\"Home\",\"item\":\"https:\/\/www.aldich.com\/\"},{\"@type\":\"ListItem\",\"position\":2,\"name\":\"Productos\",\"item\":\"https:\/\/www.aldich.com\/tienda\/\"},{\"@type\":\"ListItem\",\"position\":3,\"name\":\"Chocolate bajo en calor\u00edas con toque de Vainilla 300g\"}]},{\"@type\":\"WebSite\",\"@id\":\"https:\/\/www.aldich.com\/#website\",\"url\":\"https:\/\/www.aldich.com\/\",\"name\":\"Aldich\",\"description\":\"Insumos para cafeter\u00edas\",\"publisher\":{\"@id\":\"https:\/\/www.aldich.com\/#organization\"},\"potentialAction\":[{\"@type\":\"SearchAction\",\"target\":{\"@type\":\"EntryPoint\",\"urlTemplate\":\"https:\/\/www.aldich.com\/?s={search_term_string}\"},\"query-input\":\"required name=search_term_string\"}],\"inLanguage\":\"en-US\"},{\"@type\":\"Organization\",\"@id\":\"https:\/\/www.aldich.com\/#organization\",\"name\":\"Aldich\",\"url\":\"https:\/\/www.aldich.com\/\",\"logo\":{\"@type\":\"ImageObject\",\"inLanguage\":\"en-US\",\"@id\":\"https:\/\/www.aldich.com\/#\/schema\/logo\/image\/\",\"url\":\"https:\/\/www.aldich.com\/archivos\/2023\/06\/Aldich.jpg\",\"contentUrl\":\"https:\/\/www.aldich.com\/archivos\/2023\/06\/Aldich.jpg\",\"width\":1200,\"height\":1200,\"caption\":\"Aldich\"},\"image\":{\"@id\":\"https:\/\/www.aldich.com\/#\/schema\/logo\/image\/\"},\"sameAs\":[\"https:\/\/www.facebook.com\/AldichEmpresarial\/\",\"https:\/\/mx.linkedin.com\/company\/aldich-gourmet\",\"https:\/\/www.instagram.com\/aldich_oficial\/\"]}]}<\/script>\n","yoast_head_json":{"title":"Venta de Chocolate bajo en calor\u00edas con toque de Vainilla 300g en M\u00e9xico","robots":{"index":"index","follow":"follow","max-snippet":"max-snippet:-1","max-image-preview":"max-image-preview:large","max-video-preview":"max-video-preview:-1"},"canonical":"https:\/\/www.aldich.com\/en\/product\/chocolate-bajo-en-calorias-con-toque-de-vainilla-300g\/","og_locale":"en_US","og_type":"article","og_title":"Chocolate bajo en calor\u00edas con toque de Vainilla 300g","og_description":"Soluci\u00f3n Gourmet: Descubre una experiencia de sabor celestial sin renunciar a tu estilo de vida saludable con nuestro delicioso chocolate con toque de Vainilla reducido en calor\u00edas. Acerca de este producto: Chocolate en polvo con toque de Vainilla elaborado con cacao de M\u00e9xico reducido en calor\u00edas. Textura sedosa De f\u00e1cil disoluci\u00f3n en leche caliente Versatilidad...","og_url":"https:\/\/www.aldich.com\/en\/product\/chocolate-bajo-en-calorias-con-toque-de-vainilla-300g\/","og_site_name":"Aldich","article_publisher":"https:\/\/www.facebook.com\/AldichEmpresarial\/","article_modified_time":"2023-08-28T16:43:56+00:00","og_image":[{"width":1200,"height":1200,"url":"https:\/\/www.aldich.com\/archivos\/2023\/07\/chocolate-light-vainilla.jpg","type":"image\/jpeg"}],"twitter_card":"summary_large_image","twitter_misc":{"Est. reading time":"1 minute"},"schema":{"@context":"https:\/\/schema.org","@graph":[{"@type":"WebPage","@id":"https:\/\/www.aldich.com\/producto\/chocolate-bajo-en-calorias-con-toque-de-vainilla-300g\/","url":"https:\/\/www.aldich.com\/producto\/chocolate-bajo-en-calorias-con-toque-de-vainilla-300g\/","name":"Venta de Chocolate bajo en calor\u00edas con toque de Vainilla 300g en M\u00e9xico","isPartOf":{"@id":"https:\/\/www.aldich.com\/#website"},"datePublished":"2023-07-19T17:45:16+00:00","dateModified":"2023-08-28T16:43:56+00:00","breadcrumb":{"@id":"https:\/\/www.aldich.com\/producto\/chocolate-bajo-en-calorias-con-toque-de-vainilla-300g\/#breadcrumb"},"inLanguage":"en-US","potentialAction":[{"@type":"ReadAction","target":["https:\/\/www.aldich.com\/producto\/chocolate-bajo-en-calorias-con-toque-de-vainilla-300g\/"]}]},{"@type":"BreadcrumbList","@id":"https:\/\/www.aldich.com\/producto\/chocolate-bajo-en-calorias-con-toque-de-vainilla-300g\/#breadcrumb","itemListElement":[{"@type":"ListItem","position":1,"name":"Home","item":"https:\/\/www.aldich.com\/"},{"@type":"ListItem","position":2,"name":"Productos","item":"https:\/\/www.aldich.com\/tienda\/"},{"@type":"ListItem","position":3,"name":"Chocolate bajo en calor\u00edas con toque de Vainilla 300g"}]},{"@type":"WebSite","@id":"https:\/\/www.aldich.com\/#website","url":"https:\/\/www.aldich.com\/","name":"Aldich","description":"Insumos para cafeter\u00edas","publisher":{"@id":"https:\/\/www.aldich.com\/#organization"},"potentialAction":[{"@type":"SearchAction","target":{"@type":"EntryPoint","urlTemplate":"https:\/\/www.aldich.com\/?s={search_term_string}"},"query-input":"required name=search_term_string"}],"inLanguage":"en-US"},{"@type":"Organization","@id":"https:\/\/www.aldich.com\/#organization","name":"Aldich","url":"https:\/\/www.aldich.com\/","logo":{"@type":"ImageObject","inLanguage":"en-US","@id":"https:\/\/www.aldich.com\/#\/schema\/logo\/image\/","url":"https:\/\/www.aldich.com\/archivos\/2023\/06\/Aldich.jpg","contentUrl":"https:\/\/www.aldich.com\/archivos\/2023\/06\/Aldich.jpg","width":1200,"height":1200,"caption":"Aldich"},"image":{"@id":"https:\/\/www.aldich.com\/#\/schema\/logo\/image\/"},"sameAs":["https:\/\/www.facebook.com\/AldichEmpresarial\/","https:\/\/mx.linkedin.com\/company\/aldich-gourmet","https:\/\/www.instagram.com\/aldich_oficial\/"]}]}},"_links":{"self":[{"href":"https:\/\/www.aldich.com\/en\/wp-json\/wp\/v2\/product\/220"}],"collection":[{"href":"https:\/\/www.aldich.com\/en\/wp-json\/wp\/v2\/product"}],"about":[{"href":"https:\/\/www.aldich.com\/en\/wp-json\/wp\/v2\/types\/product"}],"wp:featuredmedia":[{"embeddable":true,"href":"https:\/\/www.aldich.com\/en\/wp-json\/wp\/v2\/media\/221"}],"wp:attachment":[{"href":"https:\/\/www.aldich.com\/en\/wp-json\/wp\/v2\/media?parent=220"}],"wp:term":[{"taxonomy":"product_cat","embeddable":true,"href":"https:\/\/www.aldich.com\/en\/wp-json\/wp\/v2\/product_cat?post=220"},{"taxonomy":"product_tag","embeddable":true,"href":"https:\/\/www.aldich.com\/en\/wp-json\/wp\/v2\/product_tag?post=220"}],"curies":[{"name":"wp","href":"https:\/\/api.w.org\/{rel}","templated":true}]}}