{"id":202,"date":"2023-07-10T17:38:22","date_gmt":"2023-07-10T22:38:22","guid":{"rendered":"https:\/\/www.aldich.com\/?post_type=product&#038;p=202"},"modified":"2024-04-25T16:54:52","modified_gmt":"2024-04-25T21:54:52","slug":"jarabe-de-chocolate-1lt","status":"publish","type":"product","link":"https:\/\/www.aldich.com\/en\/product\/jarabe-de-chocolate-1lt\/","title":{"rendered":"Chocolate Syrup"},"content":{"rendered":"<p>Every drop of our chocolate syrup will awaken your senses, as its rich and creamy consistency blends smoothly into your hot and cold beverages like coffee, milk, and shakes, providing you with a luxurious and delightful flavor experience.<\/p>\n<p>**Not only is it perfect for beverages, but also it's great for baking.<\/p>\n<p><strong>Ideal for:<\/strong><\/p>\n<p>Coffee, lattes, cappuccinos, frapp\u00e9s, smoothies, ice creams, and desserts.<\/p>\n<p><strong>How to use<\/strong><\/p>\n<ul>\n<li>Simply add 1 ounce of Aldich syrup to your lattes, cappuccinos, or frapp\u00e9s, adjusting according to your preferred level of intensity.<\/li>\n<li>Mix well to achieve an even distribution and experience the delicious flavor of chocolate in every sip and bite.<\/li>\n<\/ul>","protected":false},"excerpt":{"rendered":"<p>Cada gota de nuestro jarabe de chocolate despertar\u00e1\u00a0 tus sentidos, con su rica y cremosa consistencia se mezcla suavemente en tus bebidas calientes y fr\u00edas, como caf\u00e9, leche y batidos para brindarte una experiencia de sabor lujosa y placentera. **No solo es perfecto para bebidas, sino que tambi\u00e9n es un compa\u00f1ero ideal en la reposter\u00eda&#8230;.<\/p>","protected":false},"featured_media":204,"template":"","meta":[],"product_cat":[18,31],"product_tag":[],"yoast_head":"\n<title>Venta de Jarabe de chocolate 1lt en M\u00e9xico<\/title>\n<meta name=\"robots\" content=\"index, follow, max-snippet:-1, max-image-preview:large, max-video-preview:-1\" \/>\n<link rel=\"canonical\" href=\"https:\/\/www.aldich.com\/en\/product\/jarabe-de-chocolate-1lt\/\" \/>\n<meta property=\"og:locale\" content=\"en_US\" \/>\n<meta property=\"og:type\" content=\"article\" \/>\n<meta property=\"og:title\" content=\"Jarabe de chocolate 1lt\" \/>\n<meta property=\"og:description\" content=\"Cada gota de nuestro jarabe de chocolate despertar\u00e1\u00a0 tus sentidos, con su rica y cremosa consistencia se mezcla suavemente en tus bebidas calientes y fr\u00edas, como caf\u00e9, leche y batidos para brindarte una experiencia de sabor lujosa y placentera. **No solo es perfecto para bebidas, sino que tambi\u00e9n es un compa\u00f1ero ideal en la reposter\u00eda....\" \/>\n<meta property=\"og:url\" content=\"https:\/\/www.aldich.com\/en\/product\/jarabe-de-chocolate-1lt\/\" \/>\n<meta property=\"og:site_name\" content=\"Aldich\" \/>\n<meta property=\"article:publisher\" content=\"https:\/\/www.facebook.com\/AldichEmpresarial\/\" \/>\n<meta property=\"article:modified_time\" content=\"2024-04-25T21:54:52+00:00\" \/>\n<meta property=\"og:image\" content=\"https:\/\/www.aldich.com\/archivos\/2023\/07\/jarabe-de-chocolate.jpg\" \/>\n\t<meta property=\"og:image:width\" content=\"1200\" \/>\n\t<meta property=\"og:image:height\" content=\"1200\" \/>\n\t<meta property=\"og:image:type\" content=\"image\/jpeg\" \/>\n<meta name=\"twitter:card\" content=\"summary_large_image\" \/>\n<meta name=\"twitter:label1\" content=\"Est. reading time\" \/>\n\t<meta name=\"twitter:data1\" content=\"1 minute\" \/>\n<script type=\"application\/ld+json\" class=\"yoast-schema-graph\">{\"@context\":\"https:\/\/schema.org\",\"@graph\":[{\"@type\":\"WebPage\",\"@id\":\"https:\/\/www.aldich.com\/producto\/jarabe-de-chocolate-1lt\/\",\"url\":\"https:\/\/www.aldich.com\/producto\/jarabe-de-chocolate-1lt\/\",\"name\":\"Venta de Jarabe de chocolate 1lt en M\u00e9xico\",\"isPartOf\":{\"@id\":\"https:\/\/www.aldich.com\/#website\"},\"datePublished\":\"2023-07-10T22:38:22+00:00\",\"dateModified\":\"2024-04-25T21:54:52+00:00\",\"breadcrumb\":{\"@id\":\"https:\/\/www.aldich.com\/producto\/jarabe-de-chocolate-1lt\/#breadcrumb\"},\"inLanguage\":\"en-US\",\"potentialAction\":[{\"@type\":\"ReadAction\",\"target\":[\"https:\/\/www.aldich.com\/producto\/jarabe-de-chocolate-1lt\/\"]}]},{\"@type\":\"BreadcrumbList\",\"@id\":\"https:\/\/www.aldich.com\/producto\/jarabe-de-chocolate-1lt\/#breadcrumb\",\"itemListElement\":[{\"@type\":\"ListItem\",\"position\":1,\"name\":\"Home\",\"item\":\"https:\/\/www.aldich.com\/\"},{\"@type\":\"ListItem\",\"position\":2,\"name\":\"Productos\",\"item\":\"https:\/\/www.aldich.com\/tienda\/\"},{\"@type\":\"ListItem\",\"position\":3,\"name\":\"Jarabe de chocolate 1lt\"}]},{\"@type\":\"WebSite\",\"@id\":\"https:\/\/www.aldich.com\/#website\",\"url\":\"https:\/\/www.aldich.com\/\",\"name\":\"Aldich\",\"description\":\"Insumos para cafeter\u00edas\",\"publisher\":{\"@id\":\"https:\/\/www.aldich.com\/#organization\"},\"potentialAction\":[{\"@type\":\"SearchAction\",\"target\":{\"@type\":\"EntryPoint\",\"urlTemplate\":\"https:\/\/www.aldich.com\/?s={search_term_string}\"},\"query-input\":\"required name=search_term_string\"}],\"inLanguage\":\"en-US\"},{\"@type\":\"Organization\",\"@id\":\"https:\/\/www.aldich.com\/#organization\",\"name\":\"Aldich\",\"url\":\"https:\/\/www.aldich.com\/\",\"logo\":{\"@type\":\"ImageObject\",\"inLanguage\":\"en-US\",\"@id\":\"https:\/\/www.aldich.com\/#\/schema\/logo\/image\/\",\"url\":\"https:\/\/www.aldich.com\/archivos\/2023\/06\/Aldich.jpg\",\"contentUrl\":\"https:\/\/www.aldich.com\/archivos\/2023\/06\/Aldich.jpg\",\"width\":1200,\"height\":1200,\"caption\":\"Aldich\"},\"image\":{\"@id\":\"https:\/\/www.aldich.com\/#\/schema\/logo\/image\/\"},\"sameAs\":[\"https:\/\/www.facebook.com\/AldichEmpresarial\/\",\"https:\/\/mx.linkedin.com\/company\/aldich-gourmet\",\"https:\/\/www.instagram.com\/aldich_oficial\/\"]}]}<\/script>\n","yoast_head_json":{"title":"Venta de Jarabe de chocolate 1lt en M\u00e9xico","robots":{"index":"index","follow":"follow","max-snippet":"max-snippet:-1","max-image-preview":"max-image-preview:large","max-video-preview":"max-video-preview:-1"},"canonical":"https:\/\/www.aldich.com\/en\/product\/jarabe-de-chocolate-1lt\/","og_locale":"en_US","og_type":"article","og_title":"Jarabe de chocolate 1lt","og_description":"Cada gota de nuestro jarabe de chocolate despertar\u00e1\u00a0 tus sentidos, con su rica y cremosa consistencia se mezcla suavemente en tus bebidas calientes y fr\u00edas, como caf\u00e9, leche y batidos para brindarte una experiencia de sabor lujosa y placentera. **No solo es perfecto para bebidas, sino que tambi\u00e9n es un compa\u00f1ero ideal en la reposter\u00eda....","og_url":"https:\/\/www.aldich.com\/en\/product\/jarabe-de-chocolate-1lt\/","og_site_name":"Aldich","article_publisher":"https:\/\/www.facebook.com\/AldichEmpresarial\/","article_modified_time":"2024-04-25T21:54:52+00:00","og_image":[{"width":1200,"height":1200,"url":"https:\/\/www.aldich.com\/archivos\/2023\/07\/jarabe-de-chocolate.jpg","type":"image\/jpeg"}],"twitter_card":"summary_large_image","twitter_misc":{"Est. reading time":"1 minute"},"schema":{"@context":"https:\/\/schema.org","@graph":[{"@type":"WebPage","@id":"https:\/\/www.aldich.com\/producto\/jarabe-de-chocolate-1lt\/","url":"https:\/\/www.aldich.com\/producto\/jarabe-de-chocolate-1lt\/","name":"Venta de Jarabe de chocolate 1lt en M\u00e9xico","isPartOf":{"@id":"https:\/\/www.aldich.com\/#website"},"datePublished":"2023-07-10T22:38:22+00:00","dateModified":"2024-04-25T21:54:52+00:00","breadcrumb":{"@id":"https:\/\/www.aldich.com\/producto\/jarabe-de-chocolate-1lt\/#breadcrumb"},"inLanguage":"en-US","potentialAction":[{"@type":"ReadAction","target":["https:\/\/www.aldich.com\/producto\/jarabe-de-chocolate-1lt\/"]}]},{"@type":"BreadcrumbList","@id":"https:\/\/www.aldich.com\/producto\/jarabe-de-chocolate-1lt\/#breadcrumb","itemListElement":[{"@type":"ListItem","position":1,"name":"Home","item":"https:\/\/www.aldich.com\/"},{"@type":"ListItem","position":2,"name":"Productos","item":"https:\/\/www.aldich.com\/tienda\/"},{"@type":"ListItem","position":3,"name":"Jarabe de chocolate 1lt"}]},{"@type":"WebSite","@id":"https:\/\/www.aldich.com\/#website","url":"https:\/\/www.aldich.com\/","name":"Aldich","description":"Insumos para cafeter\u00edas","publisher":{"@id":"https:\/\/www.aldich.com\/#organization"},"potentialAction":[{"@type":"SearchAction","target":{"@type":"EntryPoint","urlTemplate":"https:\/\/www.aldich.com\/?s={search_term_string}"},"query-input":"required name=search_term_string"}],"inLanguage":"en-US"},{"@type":"Organization","@id":"https:\/\/www.aldich.com\/#organization","name":"Aldich","url":"https:\/\/www.aldich.com\/","logo":{"@type":"ImageObject","inLanguage":"en-US","@id":"https:\/\/www.aldich.com\/#\/schema\/logo\/image\/","url":"https:\/\/www.aldich.com\/archivos\/2023\/06\/Aldich.jpg","contentUrl":"https:\/\/www.aldich.com\/archivos\/2023\/06\/Aldich.jpg","width":1200,"height":1200,"caption":"Aldich"},"image":{"@id":"https:\/\/www.aldich.com\/#\/schema\/logo\/image\/"},"sameAs":["https:\/\/www.facebook.com\/AldichEmpresarial\/","https:\/\/mx.linkedin.com\/company\/aldich-gourmet","https:\/\/www.instagram.com\/aldich_oficial\/"]}]}},"_links":{"self":[{"href":"https:\/\/www.aldich.com\/en\/wp-json\/wp\/v2\/product\/202"}],"collection":[{"href":"https:\/\/www.aldich.com\/en\/wp-json\/wp\/v2\/product"}],"about":[{"href":"https:\/\/www.aldich.com\/en\/wp-json\/wp\/v2\/types\/product"}],"wp:featuredmedia":[{"embeddable":true,"href":"https:\/\/www.aldich.com\/en\/wp-json\/wp\/v2\/media\/204"}],"wp:attachment":[{"href":"https:\/\/www.aldich.com\/en\/wp-json\/wp\/v2\/media?parent=202"}],"wp:term":[{"taxonomy":"product_cat","embeddable":true,"href":"https:\/\/www.aldich.com\/en\/wp-json\/wp\/v2\/product_cat?post=202"},{"taxonomy":"product_tag","embeddable":true,"href":"https:\/\/www.aldich.com\/en\/wp-json\/wp\/v2\/product_tag?post=202"}],"curies":[{"name":"wp","href":"https:\/\/api.w.org\/{rel}","templated":true}]}}