{"id":199,"date":"2023-07-10T17:35:14","date_gmt":"2023-07-10T22:35:14","guid":{"rendered":"https:\/\/www.aldich.com\/?post_type=product&#038;p=199"},"modified":"2024-09-09T17:42:34","modified_gmt":"2024-09-09T22:42:34","slug":"jarabe-de-cajeta-1lt","status":"publish","type":"product","link":"https:\/\/www.aldich.com\/en\/product\/jarabe-de-cajeta-1lt\/","title":{"rendered":"Dulce de leche Syrup 1lt"},"content":{"rendered":"<p>Infuse a touch of sweetness and delicacy into your drinks or desserts with Aldich and its exquisite dulce de leche syrup<\/p>\n<p><strong>Ideal for:<\/strong><\/p>\n<p>Capuccinos, lattes, frapp\u00e9s<\/p>\n<p><strong>How to use<\/strong><\/p>\n<ul>\n<li>Simply add 1 ounce of Aldich syrup to your lattes, cappuccinos, or frapp\u00e9s, adjusting according to your preferred level of intensity<\/li>\n<li>Mix thoroughly to achieve a uniform distribution and experience the authentic burst of flavors from the smooth dulce de leche in every sip.<\/li>\n<\/ul>","protected":false},"excerpt":{"rendered":"<p>Introduce un toque de dulzura y delicadeza en tus bebidas o postres con Aldich y su exquisito jarabe de cajeta. Ideal para: Capuccinos, lattes, frapp\u00e9s Modo de uso: Simplemente agrega 1 onza de jarabe Aldich de cajeta a tus lattes, capuccinos o frapp\u00e9s, ajustando seg\u00fan tu preferencia de intensidad. Mezcla bien para lograr una distribuci\u00f3n&#8230;<\/p>","protected":false},"featured_media":201,"template":"","meta":[],"product_cat":[18,31],"product_tag":[29],"yoast_head":"\n<title>Venta de Jarabe de cajeta 1lt en M\u00e9xico<\/title>\n<meta name=\"robots\" content=\"index, follow, max-snippet:-1, max-image-preview:large, max-video-preview:-1\" \/>\n<link rel=\"canonical\" href=\"https:\/\/www.aldich.com\/en\/product\/jarabe-de-cajeta-1lt\/\" \/>\n<meta property=\"og:locale\" content=\"en_US\" \/>\n<meta property=\"og:type\" content=\"article\" \/>\n<meta property=\"og:title\" content=\"Jarabe de cajeta 1lt\" \/>\n<meta property=\"og:description\" content=\"Introduce un toque de dulzura y delicadeza en tus bebidas o postres con Aldich y su exquisito jarabe de cajeta. Ideal para: Capuccinos, lattes, frapp\u00e9s Modo de uso: Simplemente agrega 1 onza de jarabe Aldich de cajeta a tus lattes, capuccinos o frapp\u00e9s, ajustando seg\u00fan tu preferencia de intensidad. Mezcla bien para lograr una distribuci\u00f3n...\" \/>\n<meta property=\"og:url\" content=\"https:\/\/www.aldich.com\/en\/product\/jarabe-de-cajeta-1lt\/\" \/>\n<meta property=\"og:site_name\" content=\"Aldich\" \/>\n<meta property=\"article:publisher\" content=\"https:\/\/www.facebook.com\/AldichEmpresarial\/\" \/>\n<meta property=\"article:modified_time\" content=\"2024-09-09T22:42:34+00:00\" \/>\n<meta property=\"og:image\" content=\"https:\/\/www.aldich.com\/archivos\/2023\/07\/jarabe-de-cajeta.jpg\" \/>\n\t<meta property=\"og:image:width\" content=\"1200\" \/>\n\t<meta property=\"og:image:height\" content=\"1200\" \/>\n\t<meta property=\"og:image:type\" content=\"image\/jpeg\" \/>\n<meta name=\"twitter:card\" content=\"summary_large_image\" \/>\n<meta name=\"twitter:label1\" content=\"Est. reading time\" \/>\n\t<meta name=\"twitter:data1\" content=\"1 minute\" \/>\n<script type=\"application\/ld+json\" class=\"yoast-schema-graph\">{\"@context\":\"https:\/\/schema.org\",\"@graph\":[{\"@type\":\"WebPage\",\"@id\":\"https:\/\/www.aldich.com\/producto\/jarabe-de-cajeta-1lt\/\",\"url\":\"https:\/\/www.aldich.com\/producto\/jarabe-de-cajeta-1lt\/\",\"name\":\"Venta de Jarabe de cajeta 1lt en M\u00e9xico\",\"isPartOf\":{\"@id\":\"https:\/\/www.aldich.com\/#website\"},\"datePublished\":\"2023-07-10T22:35:14+00:00\",\"dateModified\":\"2024-09-09T22:42:34+00:00\",\"breadcrumb\":{\"@id\":\"https:\/\/www.aldich.com\/producto\/jarabe-de-cajeta-1lt\/#breadcrumb\"},\"inLanguage\":\"en-US\",\"potentialAction\":[{\"@type\":\"ReadAction\",\"target\":[\"https:\/\/www.aldich.com\/producto\/jarabe-de-cajeta-1lt\/\"]}]},{\"@type\":\"BreadcrumbList\",\"@id\":\"https:\/\/www.aldich.com\/producto\/jarabe-de-cajeta-1lt\/#breadcrumb\",\"itemListElement\":[{\"@type\":\"ListItem\",\"position\":1,\"name\":\"Home\",\"item\":\"https:\/\/www.aldich.com\/\"},{\"@type\":\"ListItem\",\"position\":2,\"name\":\"Productos\",\"item\":\"https:\/\/www.aldich.com\/tienda\/\"},{\"@type\":\"ListItem\",\"position\":3,\"name\":\"Jarabe de cajeta 1lt\"}]},{\"@type\":\"WebSite\",\"@id\":\"https:\/\/www.aldich.com\/#website\",\"url\":\"https:\/\/www.aldich.com\/\",\"name\":\"Aldich\",\"description\":\"Insumos para cafeter\u00edas\",\"publisher\":{\"@id\":\"https:\/\/www.aldich.com\/#organization\"},\"potentialAction\":[{\"@type\":\"SearchAction\",\"target\":{\"@type\":\"EntryPoint\",\"urlTemplate\":\"https:\/\/www.aldich.com\/?s={search_term_string}\"},\"query-input\":\"required name=search_term_string\"}],\"inLanguage\":\"en-US\"},{\"@type\":\"Organization\",\"@id\":\"https:\/\/www.aldich.com\/#organization\",\"name\":\"Aldich\",\"url\":\"https:\/\/www.aldich.com\/\",\"logo\":{\"@type\":\"ImageObject\",\"inLanguage\":\"en-US\",\"@id\":\"https:\/\/www.aldich.com\/#\/schema\/logo\/image\/\",\"url\":\"https:\/\/www.aldich.com\/archivos\/2023\/06\/Aldich.jpg\",\"contentUrl\":\"https:\/\/www.aldich.com\/archivos\/2023\/06\/Aldich.jpg\",\"width\":1200,\"height\":1200,\"caption\":\"Aldich\"},\"image\":{\"@id\":\"https:\/\/www.aldich.com\/#\/schema\/logo\/image\/\"},\"sameAs\":[\"https:\/\/www.facebook.com\/AldichEmpresarial\/\",\"https:\/\/mx.linkedin.com\/company\/aldich-gourmet\",\"https:\/\/www.instagram.com\/aldich_oficial\/\"]}]}<\/script>\n","yoast_head_json":{"title":"Venta de Jarabe de cajeta 1lt en M\u00e9xico","robots":{"index":"index","follow":"follow","max-snippet":"max-snippet:-1","max-image-preview":"max-image-preview:large","max-video-preview":"max-video-preview:-1"},"canonical":"https:\/\/www.aldich.com\/en\/product\/jarabe-de-cajeta-1lt\/","og_locale":"en_US","og_type":"article","og_title":"Jarabe de cajeta 1lt","og_description":"Introduce un toque de dulzura y delicadeza en tus bebidas o postres con Aldich y su exquisito jarabe de cajeta. Ideal para: Capuccinos, lattes, frapp\u00e9s Modo de uso: Simplemente agrega 1 onza de jarabe Aldich de cajeta a tus lattes, capuccinos o frapp\u00e9s, ajustando seg\u00fan tu preferencia de intensidad. Mezcla bien para lograr una distribuci\u00f3n...","og_url":"https:\/\/www.aldich.com\/en\/product\/jarabe-de-cajeta-1lt\/","og_site_name":"Aldich","article_publisher":"https:\/\/www.facebook.com\/AldichEmpresarial\/","article_modified_time":"2024-09-09T22:42:34+00:00","og_image":[{"width":1200,"height":1200,"url":"https:\/\/www.aldich.com\/archivos\/2023\/07\/jarabe-de-cajeta.jpg","type":"image\/jpeg"}],"twitter_card":"summary_large_image","twitter_misc":{"Est. reading time":"1 minute"},"schema":{"@context":"https:\/\/schema.org","@graph":[{"@type":"WebPage","@id":"https:\/\/www.aldich.com\/producto\/jarabe-de-cajeta-1lt\/","url":"https:\/\/www.aldich.com\/producto\/jarabe-de-cajeta-1lt\/","name":"Venta de Jarabe de cajeta 1lt en M\u00e9xico","isPartOf":{"@id":"https:\/\/www.aldich.com\/#website"},"datePublished":"2023-07-10T22:35:14+00:00","dateModified":"2024-09-09T22:42:34+00:00","breadcrumb":{"@id":"https:\/\/www.aldich.com\/producto\/jarabe-de-cajeta-1lt\/#breadcrumb"},"inLanguage":"en-US","potentialAction":[{"@type":"ReadAction","target":["https:\/\/www.aldich.com\/producto\/jarabe-de-cajeta-1lt\/"]}]},{"@type":"BreadcrumbList","@id":"https:\/\/www.aldich.com\/producto\/jarabe-de-cajeta-1lt\/#breadcrumb","itemListElement":[{"@type":"ListItem","position":1,"name":"Home","item":"https:\/\/www.aldich.com\/"},{"@type":"ListItem","position":2,"name":"Productos","item":"https:\/\/www.aldich.com\/tienda\/"},{"@type":"ListItem","position":3,"name":"Jarabe de cajeta 1lt"}]},{"@type":"WebSite","@id":"https:\/\/www.aldich.com\/#website","url":"https:\/\/www.aldich.com\/","name":"Aldich","description":"Insumos para cafeter\u00edas","publisher":{"@id":"https:\/\/www.aldich.com\/#organization"},"potentialAction":[{"@type":"SearchAction","target":{"@type":"EntryPoint","urlTemplate":"https:\/\/www.aldich.com\/?s={search_term_string}"},"query-input":"required name=search_term_string"}],"inLanguage":"en-US"},{"@type":"Organization","@id":"https:\/\/www.aldich.com\/#organization","name":"Aldich","url":"https:\/\/www.aldich.com\/","logo":{"@type":"ImageObject","inLanguage":"en-US","@id":"https:\/\/www.aldich.com\/#\/schema\/logo\/image\/","url":"https:\/\/www.aldich.com\/archivos\/2023\/06\/Aldich.jpg","contentUrl":"https:\/\/www.aldich.com\/archivos\/2023\/06\/Aldich.jpg","width":1200,"height":1200,"caption":"Aldich"},"image":{"@id":"https:\/\/www.aldich.com\/#\/schema\/logo\/image\/"},"sameAs":["https:\/\/www.facebook.com\/AldichEmpresarial\/","https:\/\/mx.linkedin.com\/company\/aldich-gourmet","https:\/\/www.instagram.com\/aldich_oficial\/"]}]}},"_links":{"self":[{"href":"https:\/\/www.aldich.com\/en\/wp-json\/wp\/v2\/product\/199"}],"collection":[{"href":"https:\/\/www.aldich.com\/en\/wp-json\/wp\/v2\/product"}],"about":[{"href":"https:\/\/www.aldich.com\/en\/wp-json\/wp\/v2\/types\/product"}],"wp:featuredmedia":[{"embeddable":true,"href":"https:\/\/www.aldich.com\/en\/wp-json\/wp\/v2\/media\/201"}],"wp:attachment":[{"href":"https:\/\/www.aldich.com\/en\/wp-json\/wp\/v2\/media?parent=199"}],"wp:term":[{"taxonomy":"product_cat","embeddable":true,"href":"https:\/\/www.aldich.com\/en\/wp-json\/wp\/v2\/product_cat?post=199"},{"taxonomy":"product_tag","embeddable":true,"href":"https:\/\/www.aldich.com\/en\/wp-json\/wp\/v2\/product_tag?post=199"}],"curies":[{"name":"wp","href":"https:\/\/api.w.org\/{rel}","templated":true}]}}