{"id":168,"date":"2023-07-10T15:39:31","date_gmt":"2023-07-10T20:39:31","guid":{"rendered":"https:\/\/www.aldich.com\/?post_type=product&#038;p=168"},"modified":"2024-09-09T17:43:28","modified_gmt":"2024-09-09T22:43:28","slug":"jarabe-de-coco-1lt","status":"publish","type":"product","link":"https:\/\/www.aldich.com\/en\/product\/jarabe-de-coco-1lt\/","title":{"rendered":"Coconut Syrup 1lt"},"content":{"rendered":"<p>Immerse yourself in the vibrant sweetness of coconut with Aldich.<\/p>\n<div class=\"w-post-elm post_content\">\n<p>Its gentle taste coconut flavor will transport you to paradise beaches with every sip!<\/p>\n<p><strong>Ideal for:<\/strong><\/p>\n<ul>\n<li>Italian sodas, frapp\u00e9s, smoothies, cocktails, and shaved ice treats.<\/li>\n<\/ul>\n<p><strong>How to use:<\/strong><\/p>\n<ul>\n<li>Simply add 1 ounce of Aldich syrup to your Italian sodas, smoothies, or shakes, adjusting according to your preferred level of intensity.<\/li>\n<li>Mix well to achieve an even distribution and experience the authentic coconut flavor.<\/li>\n<\/ul>\n<\/div>","protected":false},"excerpt":{"rendered":"<p>Sum\u00e9rgete en la dulzura vibrante del coco con\u00a0 Aldich. Su aroma suave y su sabor aut\u00e9ntico a coco te transportar\u00e1n a las playas paradis\u00edacas en cada sorbo. Ideal para: Sodas italianas, frapp\u00e9s, smoothies, coct\u00e9les y raspados. Modo de Uso: Simplemente agrega 1 onza de jarabe Aldich a tus sodas italianas, smoothies o batidos, ajustando seg\u00fan&#8230;<\/p>","protected":false},"featured_media":170,"template":"","meta":[],"product_cat":[18,30],"product_tag":[28],"yoast_head":"\n<title>Venta de Jarabe de coco 1lt en M\u00e9xico<\/title>\n<meta name=\"robots\" content=\"index, follow, max-snippet:-1, max-image-preview:large, max-video-preview:-1\" \/>\n<link rel=\"canonical\" href=\"https:\/\/www.aldich.com\/en\/product\/jarabe-de-coco-1lt\/\" \/>\n<meta property=\"og:locale\" content=\"en_US\" \/>\n<meta property=\"og:type\" content=\"article\" \/>\n<meta property=\"og:title\" content=\"Jarabe de coco 1lt\" \/>\n<meta property=\"og:description\" content=\"Sum\u00e9rgete en la dulzura vibrante del coco con\u00a0 Aldich. Su aroma suave y su sabor aut\u00e9ntico a coco te transportar\u00e1n a las playas paradis\u00edacas en cada sorbo. Ideal para: Sodas italianas, frapp\u00e9s, smoothies, coct\u00e9les y raspados. Modo de Uso: Simplemente agrega 1 onza de jarabe Aldich a tus sodas italianas, smoothies o batidos, ajustando seg\u00fan...\" \/>\n<meta property=\"og:url\" content=\"https:\/\/www.aldich.com\/en\/product\/jarabe-de-coco-1lt\/\" \/>\n<meta property=\"og:site_name\" content=\"Aldich\" \/>\n<meta property=\"article:publisher\" content=\"https:\/\/www.facebook.com\/AldichEmpresarial\/\" \/>\n<meta property=\"article:modified_time\" content=\"2024-09-09T22:43:28+00:00\" \/>\n<meta property=\"og:image\" content=\"https:\/\/www.aldich.com\/archivos\/2023\/07\/jarabe-de-coco.jpg\" \/>\n\t<meta property=\"og:image:width\" content=\"1200\" \/>\n\t<meta property=\"og:image:height\" content=\"1200\" \/>\n\t<meta property=\"og:image:type\" content=\"image\/jpeg\" \/>\n<meta name=\"twitter:card\" content=\"summary_large_image\" \/>\n<meta name=\"twitter:label1\" content=\"Est. reading time\" \/>\n\t<meta name=\"twitter:data1\" content=\"1 minute\" \/>\n<script type=\"application\/ld+json\" class=\"yoast-schema-graph\">{\"@context\":\"https:\/\/schema.org\",\"@graph\":[{\"@type\":\"WebPage\",\"@id\":\"https:\/\/www.aldich.com\/producto\/jarabe-de-coco-1lt\/\",\"url\":\"https:\/\/www.aldich.com\/producto\/jarabe-de-coco-1lt\/\",\"name\":\"Venta de Jarabe de coco 1lt en M\u00e9xico\",\"isPartOf\":{\"@id\":\"https:\/\/www.aldich.com\/#website\"},\"datePublished\":\"2023-07-10T20:39:31+00:00\",\"dateModified\":\"2024-09-09T22:43:28+00:00\",\"breadcrumb\":{\"@id\":\"https:\/\/www.aldich.com\/producto\/jarabe-de-coco-1lt\/#breadcrumb\"},\"inLanguage\":\"en-US\",\"potentialAction\":[{\"@type\":\"ReadAction\",\"target\":[\"https:\/\/www.aldich.com\/producto\/jarabe-de-coco-1lt\/\"]}]},{\"@type\":\"BreadcrumbList\",\"@id\":\"https:\/\/www.aldich.com\/producto\/jarabe-de-coco-1lt\/#breadcrumb\",\"itemListElement\":[{\"@type\":\"ListItem\",\"position\":1,\"name\":\"Home\",\"item\":\"https:\/\/www.aldich.com\/\"},{\"@type\":\"ListItem\",\"position\":2,\"name\":\"Productos\",\"item\":\"https:\/\/www.aldich.com\/tienda\/\"},{\"@type\":\"ListItem\",\"position\":3,\"name\":\"Jarabe de coco 1lt\"}]},{\"@type\":\"WebSite\",\"@id\":\"https:\/\/www.aldich.com\/#website\",\"url\":\"https:\/\/www.aldich.com\/\",\"name\":\"Aldich\",\"description\":\"Insumos para cafeter\u00edas\",\"publisher\":{\"@id\":\"https:\/\/www.aldich.com\/#organization\"},\"potentialAction\":[{\"@type\":\"SearchAction\",\"target\":{\"@type\":\"EntryPoint\",\"urlTemplate\":\"https:\/\/www.aldich.com\/?s={search_term_string}\"},\"query-input\":\"required name=search_term_string\"}],\"inLanguage\":\"en-US\"},{\"@type\":\"Organization\",\"@id\":\"https:\/\/www.aldich.com\/#organization\",\"name\":\"Aldich\",\"url\":\"https:\/\/www.aldich.com\/\",\"logo\":{\"@type\":\"ImageObject\",\"inLanguage\":\"en-US\",\"@id\":\"https:\/\/www.aldich.com\/#\/schema\/logo\/image\/\",\"url\":\"https:\/\/www.aldich.com\/archivos\/2023\/06\/Aldich.jpg\",\"contentUrl\":\"https:\/\/www.aldich.com\/archivos\/2023\/06\/Aldich.jpg\",\"width\":1200,\"height\":1200,\"caption\":\"Aldich\"},\"image\":{\"@id\":\"https:\/\/www.aldich.com\/#\/schema\/logo\/image\/\"},\"sameAs\":[\"https:\/\/www.facebook.com\/AldichEmpresarial\/\",\"https:\/\/mx.linkedin.com\/company\/aldich-gourmet\",\"https:\/\/www.instagram.com\/aldich_oficial\/\"]}]}<\/script>\n","yoast_head_json":{"title":"Venta de Jarabe de coco 1lt en M\u00e9xico","robots":{"index":"index","follow":"follow","max-snippet":"max-snippet:-1","max-image-preview":"max-image-preview:large","max-video-preview":"max-video-preview:-1"},"canonical":"https:\/\/www.aldich.com\/en\/product\/jarabe-de-coco-1lt\/","og_locale":"en_US","og_type":"article","og_title":"Jarabe de coco 1lt","og_description":"Sum\u00e9rgete en la dulzura vibrante del coco con\u00a0 Aldich. Su aroma suave y su sabor aut\u00e9ntico a coco te transportar\u00e1n a las playas paradis\u00edacas en cada sorbo. Ideal para: Sodas italianas, frapp\u00e9s, smoothies, coct\u00e9les y raspados. Modo de Uso: Simplemente agrega 1 onza de jarabe Aldich a tus sodas italianas, smoothies o batidos, ajustando seg\u00fan...","og_url":"https:\/\/www.aldich.com\/en\/product\/jarabe-de-coco-1lt\/","og_site_name":"Aldich","article_publisher":"https:\/\/www.facebook.com\/AldichEmpresarial\/","article_modified_time":"2024-09-09T22:43:28+00:00","og_image":[{"width":1200,"height":1200,"url":"https:\/\/www.aldich.com\/archivos\/2023\/07\/jarabe-de-coco.jpg","type":"image\/jpeg"}],"twitter_card":"summary_large_image","twitter_misc":{"Est. reading time":"1 minute"},"schema":{"@context":"https:\/\/schema.org","@graph":[{"@type":"WebPage","@id":"https:\/\/www.aldich.com\/producto\/jarabe-de-coco-1lt\/","url":"https:\/\/www.aldich.com\/producto\/jarabe-de-coco-1lt\/","name":"Venta de Jarabe de coco 1lt en M\u00e9xico","isPartOf":{"@id":"https:\/\/www.aldich.com\/#website"},"datePublished":"2023-07-10T20:39:31+00:00","dateModified":"2024-09-09T22:43:28+00:00","breadcrumb":{"@id":"https:\/\/www.aldich.com\/producto\/jarabe-de-coco-1lt\/#breadcrumb"},"inLanguage":"en-US","potentialAction":[{"@type":"ReadAction","target":["https:\/\/www.aldich.com\/producto\/jarabe-de-coco-1lt\/"]}]},{"@type":"BreadcrumbList","@id":"https:\/\/www.aldich.com\/producto\/jarabe-de-coco-1lt\/#breadcrumb","itemListElement":[{"@type":"ListItem","position":1,"name":"Home","item":"https:\/\/www.aldich.com\/"},{"@type":"ListItem","position":2,"name":"Productos","item":"https:\/\/www.aldich.com\/tienda\/"},{"@type":"ListItem","position":3,"name":"Jarabe de coco 1lt"}]},{"@type":"WebSite","@id":"https:\/\/www.aldich.com\/#website","url":"https:\/\/www.aldich.com\/","name":"Aldich","description":"Insumos para cafeter\u00edas","publisher":{"@id":"https:\/\/www.aldich.com\/#organization"},"potentialAction":[{"@type":"SearchAction","target":{"@type":"EntryPoint","urlTemplate":"https:\/\/www.aldich.com\/?s={search_term_string}"},"query-input":"required name=search_term_string"}],"inLanguage":"en-US"},{"@type":"Organization","@id":"https:\/\/www.aldich.com\/#organization","name":"Aldich","url":"https:\/\/www.aldich.com\/","logo":{"@type":"ImageObject","inLanguage":"en-US","@id":"https:\/\/www.aldich.com\/#\/schema\/logo\/image\/","url":"https:\/\/www.aldich.com\/archivos\/2023\/06\/Aldich.jpg","contentUrl":"https:\/\/www.aldich.com\/archivos\/2023\/06\/Aldich.jpg","width":1200,"height":1200,"caption":"Aldich"},"image":{"@id":"https:\/\/www.aldich.com\/#\/schema\/logo\/image\/"},"sameAs":["https:\/\/www.facebook.com\/AldichEmpresarial\/","https:\/\/mx.linkedin.com\/company\/aldich-gourmet","https:\/\/www.instagram.com\/aldich_oficial\/"]}]}},"_links":{"self":[{"href":"https:\/\/www.aldich.com\/en\/wp-json\/wp\/v2\/product\/168"}],"collection":[{"href":"https:\/\/www.aldich.com\/en\/wp-json\/wp\/v2\/product"}],"about":[{"href":"https:\/\/www.aldich.com\/en\/wp-json\/wp\/v2\/types\/product"}],"wp:featuredmedia":[{"embeddable":true,"href":"https:\/\/www.aldich.com\/en\/wp-json\/wp\/v2\/media\/170"}],"wp:attachment":[{"href":"https:\/\/www.aldich.com\/en\/wp-json\/wp\/v2\/media?parent=168"}],"wp:term":[{"taxonomy":"product_cat","embeddable":true,"href":"https:\/\/www.aldich.com\/en\/wp-json\/wp\/v2\/product_cat?post=168"},{"taxonomy":"product_tag","embeddable":true,"href":"https:\/\/www.aldich.com\/en\/wp-json\/wp\/v2\/product_tag?post=168"}],"curies":[{"name":"wp","href":"https:\/\/api.w.org\/{rel}","templated":true}]}}